{"id":4729,"date":"2019-10-22T21:21:30","date_gmt":"2019-10-22T18:21:30","guid":{"rendered":"https:\/\/anglia.gr\/accommodation-in-britain\/"},"modified":"2023-06-14T12:15:38","modified_gmt":"2023-06-14T09:15:38","slug":"accommodation-in-britain","status":"publish","type":"page","link":"https:\/\/anglia.gr\/tr\/accommodation-in-britain\/","title":{"rendered":"Britanya&#8217;da Konaklama"},"content":{"rendered":"<p>[vc_row][vc_column][vc_column_text css=&#8221;.vc_custom_1574331630239{margin-top: 0px !important;margin-bottom: 0px !important;padding-top: 0px !important;padding-bottom: 0px !important;}&#8221;]<\/p>\n<h2 style=\"display: none;\"><a href=\"http:\/\/studiesinuk.net\/el\/\" target=\"_blank\" rel=\"noopener\">Accommodation in Britain<\/a><\/h2>\n<p style=\"display: none;\"><a href=\"https:\/\/anglia.gr\/studying-in-uk\/\">Accommodation in Britain<img loading=\"lazy\" decoding=\"async\" class=\"alignnone size-medium wp-image-3071\" src=\"https:\/\/anglia.gr\/wp-content\/uploads\/2019\/11\/two-attractive-casual-student-girls-studying-Y4V5CZ6-300x200.jpg\" alt=\"Accommodation in Britain\" width=\"300\" height=\"200\" srcset=\"https:\/\/anglia.gr\/wp-content\/uploads\/2019\/11\/two-attractive-casual-student-girls-studying-Y4V5CZ6-300x200.jpg 300w, https:\/\/anglia.gr\/wp-content\/uploads\/2019\/11\/two-attractive-casual-student-girls-studying-Y4V5CZ6-768x512.jpg 768w, https:\/\/anglia.gr\/wp-content\/uploads\/2019\/11\/two-attractive-casual-student-girls-studying-Y4V5CZ6-1024x683.jpg 1024w, https:\/\/anglia.gr\/wp-content\/uploads\/2019\/11\/two-attractive-casual-student-girls-studying-Y4V5CZ6-600x400.jpg 600w\" sizes=\"(max-width: 300px) 100vw, 300px\" \/><\/a><\/p>\n<p>[\/vc_column_text][vc_empty_space height=&#8221;50&#8243;][\/vc_column][\/vc_row][vc_row css_animation=&#8221;fadeIn&#8221;][vc_column width=&#8221;2\/3&#8243;][vc_column_text css_animation=&#8221;slideInUp&#8221;]<\/p>\n<p class=\" nd_options_first_font \"><span class=\"nicdark_font_size_70 nicdark_float_left nicdark_padding_28 nicdark_line_height_30 nicdark_first_font\"> <strong>\u00c7<\/strong><\/span>o\u011fu \u00dcniversite, zaman\u0131nda ba\u015fvurmalar\u0131 ko\u015fuluyla birinci s\u0131n\u0131f \u00f6\u011frencilerine Yurtta bir oda garanti eder.<\/p>\n<p class=\" nd_options_first_font \">T\u00fcm \u00f6\u011frencileri bar\u0131nd\u0131ramayan baz\u0131 \u00dcniversiteler vard\u0131r ve bu durumda \u00f6zel konaklama ba\u015fvurular\u0131n\u0131n nas\u0131l yap\u0131laca\u011f\u0131 konusunda tavsiye verilir. Birle\u015fik Krall\u0131k&#8217;ta Yurtlar sunan \u00f6zel \u015firketlerin yan\u0131 s\u0131ra \u00dcniversite konaklama ofisleri ile g\u00fc\u00e7l\u00fc ba\u011flar\u0131m\u0131z var ve \u00f6\u011frencilere kendileri i\u00e7in uygun konaklama bulma konusunda yard\u0131mc\u0131 oluyoruz.<\/p>\n<p>[\/vc_column_text][\/vc_column][vc_column width=&#8221;1\/3&#8243;][vc_single_image image=&#8221;2112&#8243; img_size=&#8221;medium&#8221; css_animation=&#8221;slideInRight&#8221;][\/vc_column][\/vc_row][vc_row][vc_column][vc_empty_space height=&#8221;50&#8243;][\/vc_column][\/vc_row][vc_row css_animation=&#8221;fadeIn&#8221;][vc_column width=&#8221;2\/3&#8243;][vc_column_text css_animation=&#8221;slideInUp&#8221;]<span class=\"nicdark_font_size_70 nicdark_float_left nicdark_padding_28 nicdark_line_height_30 nicdark_first_font\"> <strong> \u0130<\/strong><\/span>ngiltere&#8217;de kalacak yer bulmak, bir\u00e7ok \u00f6\u011frenci i\u00e7in ba\u015fka bir kritik s\u00fcre\u00e7 olarak kabul edilir. Anglia Vakf\u0131, size uygun bir Yurt se\u00e7menizde rehberlik edebilir, t\u00fcm ba\u015fvurular\u0131 do\u011fru bir \u015fekilde yapabilir ve kabul \u015fans\u0131n\u0131z\u0131 art\u0131rabilir.[\/vc_column_text][\/vc_column][vc_column width=&#8221;1\/3&#8243;][vc_single_image image=&#8221;2173&#8243; img_size=&#8221;medium&#8221; css_animation=&#8221;slideInRight&#8221;][\/vc_column][\/vc_row][vc_row full_width=&#8221;stretch_row&#8221; content_placement=&#8221;top&#8221; parallax=&#8221;content-moving&#8221; css_animation=&#8221;none&#8221; css=&#8221;.vc_custom_1572953296293{margin-top: 50px !important;margin-right: 0px !important;margin-bottom: 10px !important;margin-left: 0px !important;border-bottom-width: 0px !important;padding-right: 350px !important;padding-bottom: 60px !important;padding-left: 350px !important;background-color: #ffffff !important;}&#8221; el_class=&#8221;custom-form-row&#8221;][vc_column width=&#8221;1\/2&#8243; offset=&#8221;vc_col-xs-12&#8243;] <h2 style=\"color:#0a0a0a;padding:px;text-align:;font-size:50px;line-height:px;letter-spacing: px;font-weight:lighter\" class=\"  custom-heading nd_options_first_font \">\u00fccretsiz bilgi<\/h2> <div style=\"background-color:;height: 10px\" class=\"nicdark_section  \"><\/div> <h3 style=\"color:#0a0a0a;padding:px;text-align:;font-size:20px;line-height:px;letter-spacing: px;font-weight:normal\" class=\"  custom-subheading nd_options_first_font \">Yurt d\u0131\u015f\u0131 e\u011fitim ve di\u011fer hizmetler i\u00e7in<\/h3> [vc_row_inner content_placement=&#8221;middle&#8221; css=&#8221;.vc_custom_1572952345796{margin-top: 30px !important;margin-bottom: 0px !important;border-top-width: 1px !important;border-bottom-width: 0px !important;padding-bottom: 0px !important;background-color: #ffffff !important;border-top-color: #ffffff !important;border-bottom-color: #ffffff !important;}&#8221;][vc_column_inner css=&#8221;.vc_custom_1572863434289{padding-top: 0px !important;padding-bottom: 0px !important;}&#8221;]\n    <div style=\"text-align:center\" class=\"nd_options_section\">\n      <img decoding=\"async\" alt=\"\" style=\"width:100%\" class=\" nd_options_margin_0 nd_options_padding_0 \" src=\"https:\/\/anglia.gr\/wp-content\/uploads\/2019\/11\/contact_photo-1024x683.jpg\">\n    <\/div>\n   [\/vc_column_inner][\/vc_row_inner][\/vc_column][vc_column width=&#8221;1\/2&#8243; offset=&#8221;vc_col-xs-12&#8243;][vc_empty_space height=&#8221;80&#8243; el_class=&#8221;dis-mob-none&#8221;] <h3 style=\"color:;padding:px;text-align:;font-size:15px;line-height:px;letter-spacing: px;font-weight:bold\" class=\"   nd_options_first_font \">Daha fazla bilgi i\u00e7in l\u00fctfen a\u015fa\u011f\u0131daki formu doldurunuz.<\/h3> \n<div class=\"wpcf7 no-js\" id=\"wpcf7-f4589-o1\" lang=\"en-US\" dir=\"ltr\">\n<div class=\"screen-reader-response\"><p role=\"status\" aria-live=\"polite\" aria-atomic=\"true\"><\/p> <ul><\/ul><\/div>\n<form action=\"\/tr\/wp-json\/wp\/v2\/pages\/4729#wpcf7-f4589-o1\" method=\"post\" class=\"wpcf7-form init\" aria-label=\"Contact form\" novalidate=\"novalidate\" data-status=\"init\">\n<div style=\"display: none;\">\n<input type=\"hidden\" name=\"_wpcf7\" value=\"4589\" \/>\n<input type=\"hidden\" name=\"_wpcf7_version\" value=\"5.9.8\" \/>\n<input type=\"hidden\" name=\"_wpcf7_locale\" value=\"en_US\" \/>\n<input type=\"hidden\" name=\"_wpcf7_unit_tag\" value=\"wpcf7-f4589-o1\" \/>\n<input type=\"hidden\" name=\"_wpcf7_container_post\" value=\"0\" \/>\n<input type=\"hidden\" name=\"_wpcf7_posted_data_hash\" value=\"\" \/>\n<input type=\"hidden\" name=\"_wpcf7_recaptcha_response\" value=\"\" \/>\n<\/div>\n<div class=\"contact-form\">\n\t<p><span class=\"wpcf7-form-control-wrap\" data-name=\"name1\"><input size=\"40\" maxlength=\"400\" class=\"wpcf7-form-control wpcf7-text wpcf7-validates-as-required\" aria-required=\"true\" aria-invalid=\"false\" placeholder=\"\u0130sim\" value=\"\" type=\"text\" name=\"name1\" \/><\/span><span class=\"wpcf7-form-control-wrap\" data-name=\"surname\"><input size=\"40\" maxlength=\"400\" class=\"wpcf7-form-control wpcf7-text wpcf7-validates-as-required\" aria-required=\"true\" aria-invalid=\"false\" placeholder=\"Soyad\u0131\" value=\"\" type=\"text\" name=\"surname\" \/><\/span><span class=\"wpcf7-form-control-wrap\" data-name=\"email\"><input size=\"40\" maxlength=\"400\" class=\"wpcf7-form-control wpcf7-email wpcf7-validates-as-required wpcf7-text wpcf7-validates-as-email\" aria-required=\"true\" aria-invalid=\"false\" placeholder=\"Email\" value=\"\" type=\"email\" name=\"email\" \/><\/span><span class=\"wpcf7-form-control-wrap\" data-name=\"subject\"><input size=\"40\" maxlength=\"400\" class=\"wpcf7-form-control wpcf7-text wpcf7-validates-as-required\" aria-required=\"true\" aria-invalid=\"false\" placeholder=\"Ders\" value=\"\" type=\"text\" name=\"subject\" \/><\/span><span class=\"wpcf7-form-control-wrap\" data-name=\"message\"><textarea cols=\"40\" rows=\"4\" maxlength=\"2000\" class=\"wpcf7-form-control wpcf7-textarea wpcf7-validates-as-required\" aria-required=\"true\" aria-invalid=\"false\" placeholder=\"\u0130leti\" name=\"message\"><\/textarea><\/span><input class=\"wpcf7-form-control wpcf7-submit has-spinner\" type=\"submit\" value=\"G\u00f6ndermek\" \/>\n\t<\/p>\n<\/div><div class=\"wpcf7-response-output\" aria-hidden=\"true\"><\/div>\n<\/form>\n<\/div>\n[\/vc_column][\/vc_row]<\/p>\n","protected":false},"excerpt":{"rendered":"<p>[vc_row][vc_column][vc_column_text css=&#8221;.vc_custom_1574331630239{margin-top: 0px !important;margin-bottom: 0px !important;padding-top: 0px !important;padding-bottom: 0px !important;}&#8221;] Accommodation in Britain Accommodation in Britain [\/vc_column_text][vc_empty_space height=&#8221;50&#8243;][\/vc_column][\/vc_row][vc_row css_animation=&#8221;fadeIn&#8221;][vc_column width=&#8221;2\/3&#8243;][vc_column_text css_animation=&#8221;slideInUp&#8221;] \u00c7o\u011fu \u00dcniversite, zaman\u0131nda ba\u015fvurmalar\u0131 ko\u015fuluyla birinci s\u0131n\u0131f \u00f6\u011frencilerine Yurtta bir oda garanti eder. T\u00fcm \u00f6\u011frencileri bar\u0131nd\u0131ramayan baz\u0131 \u00dcniversiteler vard\u0131r ve bu durumda \u00f6zel konaklama ba\u015fvurular\u0131n\u0131n nas\u0131l yap\u0131laca\u011f\u0131 konusunda tavsiye verilir. Birle\u015fik Krall\u0131k&#8217;ta Yurtlar sunan [&hellip;]<\/p>\n","protected":false},"author":1,"featured_media":0,"parent":0,"menu_order":0,"comment_status":"closed","ping_status":"closed","template":"","meta":{"rank_math_lock_modified_date":false,"footnotes":""},"_links":{"self":[{"href":"https:\/\/anglia.gr\/tr\/wp-json\/wp\/v2\/pages\/4729"}],"collection":[{"href":"https:\/\/anglia.gr\/tr\/wp-json\/wp\/v2\/pages"}],"about":[{"href":"https:\/\/anglia.gr\/tr\/wp-json\/wp\/v2\/types\/page"}],"author":[{"embeddable":true,"href":"https:\/\/anglia.gr\/tr\/wp-json\/wp\/v2\/users\/1"}],"replies":[{"embeddable":true,"href":"https:\/\/anglia.gr\/tr\/wp-json\/wp\/v2\/comments?post=4729"}],"version-history":[{"count":5,"href":"https:\/\/anglia.gr\/tr\/wp-json\/wp\/v2\/pages\/4729\/revisions"}],"predecessor-version":[{"id":4735,"href":"https:\/\/anglia.gr\/tr\/wp-json\/wp\/v2\/pages\/4729\/revisions\/4735"}],"wp:attachment":[{"href":"https:\/\/anglia.gr\/tr\/wp-json\/wp\/v2\/media?parent=4729"}],"curies":[{"name":"wp","href":"https:\/\/api.w.org\/{rel}","templated":true}]}}