{"id":4752,"date":"2021-09-20T16:26:40","date_gmt":"2021-09-20T13:26:40","guid":{"rendered":"https:\/\/anglia.gr\/cookie-policy\/"},"modified":"2023-06-14T12:51:39","modified_gmt":"2023-06-14T09:51:39","slug":"cookie-policy","status":"publish","type":"page","link":"https:\/\/anglia.gr\/tr\/cookie-policy\/","title":{"rendered":"Cookie Policy"},"content":{"rendered":"<div class=\"cli_pg_page_contaner\">\n<h3><span style=\"color: #000000;\">Bu \u00e7erez politikas\u0131 hakk\u0131nda<\/span><\/h3>\n<div>\n<p><span style=\"color: #000000;\">Bu \u00c7erez Politikas\u0131, \u00e7erezlerin ne oldu\u011funu ve onlar\u0131 nas\u0131l kulland\u0131\u011f\u0131m\u0131z\u0131, kulland\u0131\u011f\u0131m\u0131z \u00e7erez t\u00fcrlerini, yani \u00e7erezleri kullanarak toplad\u0131\u011f\u0131m\u0131z bilgileri ve bu bilgilerin nas\u0131l kullan\u0131ld\u0131\u011f\u0131n\u0131 ve \u00e7erez tercihlerinin nas\u0131l kontrol edilece\u011fini a\u00e7\u0131klar. Ki\u015fisel verilerinizi nas\u0131l kulland\u0131\u011f\u0131m\u0131z, saklad\u0131\u011f\u0131m\u0131z ve g\u00fcvende tuttu\u011fumuz hakk\u0131nda daha fazla bilgi i\u00e7in Gizlilik Politikam\u0131za bak\u0131n.<\/span><\/p>\n<p><span style=\"color: #000000;\">Web sitemizdeki \u00c7erez Beyannamesine verdi\u011finiz onay\u0131 istedi\u011finiz zaman de\u011fi\u015ftirebilir veya geri \u00e7ekebilirsiniz.<\/span><br \/>\n<span style=\"color: #000000;\">Gizlilik Politikam\u0131zda kim oldu\u011fumuz, bizimle nas\u0131l ileti\u015fime ge\u00e7ebilece\u011finiz ve ki\u015fisel verileri nas\u0131l i\u015fledi\u011fimiz hakk\u0131nda daha fazla bilgi edinin.<\/span><br \/>\n<span style=\"color: #000000;\">\u0130zniniz \u015fu alan adlar\u0131 i\u00e7in ge\u00e7erlidir: anglia.gr<\/span><br \/>\n<span style=\"color: #000000;\"><div class=\"cli_user_consent_state\">\u015eu anki durumunuz: Hi\u00e7bir onay verilmedi. <a class=\"cli_manage_current_consent\" style=\"cursor:pointer;text-decoration:underline;\">Onay\u0131n\u0131z\u0131 y\u00f6netin.<\/a> <\/div><\/span><\/p>\n<\/div>\n<h3><span style=\"color: #000000;\">\u00c7erezler nedir?<\/span><\/h3>\n<div><span style=\"color: #000000;\">Tan\u0131mlama bilgileri, k\u00fc\u00e7\u00fck bilgi par\u00e7alar\u0131n\u0131 depolamak i\u00e7in kullan\u0131lan k\u00fc\u00e7\u00fck metin dosyalar\u0131d\u0131r. Web sitesi taray\u0131c\u0131n\u0131za y\u00fcklendi\u011finde cihaz\u0131n\u0131zda saklan\u0131rlar. Bu \u00e7erezler, web sitesinin d\u00fczg\u00fcn \u00e7al\u0131\u015fmas\u0131n\u0131 sa\u011flamam\u0131za, daha g\u00fcvenli hale getirmemize, daha iyi kullan\u0131c\u0131 deneyimi sa\u011flamam\u0131za ve web sitesinin nas\u0131l \u00e7al\u0131\u015ft\u0131\u011f\u0131n\u0131 anlamam\u0131za ve nelerin i\u015fe yaray\u0131p nerelerde iyile\u015ftirilmesi gerekti\u011fini analiz etmemize yard\u0131mc\u0131 olur.<\/span><\/div>\n<h3><span style=\"color: #000000;\">\u00c7erezleri nas\u0131l kullan\u0131r\u0131z?<\/span><\/h3>\n<div>\n<p><span style=\"color: #000000;\">\u00c7evrimi\u00e7i hizmetlerin \u00e7o\u011fu gibi, web sitemiz de \u00e7e\u015fitli ama\u00e7lar i\u00e7in birinci taraf ve \u00fc\u00e7\u00fcnc\u00fc taraf \u00e7erezleri kullan\u0131r. Birinci taraf tan\u0131mlama bilgileri \u00e7o\u011funlukla web sitesinin do\u011fru \u015fekilde \u00e7al\u0131\u015fmas\u0131 i\u00e7in gereklidir ve ki\u015fisel olarak tan\u0131mlanabilir verilerinizin hi\u00e7birini toplamazlar.<\/span><\/p>\n<p><span style=\"color: #000000;\">Web sitemizde kullan\u0131lan \u00fc\u00e7\u00fcnc\u00fc taraf tan\u0131mlama bilgileri, temel olarak web sitesinin nas\u0131l performans g\u00f6sterdi\u011fini, web sitemizle nas\u0131l etkile\u015fimde bulundu\u011funuzu anlamak, hizmetlerimizi g\u00fcvende tutmak, sizinle alakal\u0131 reklamlar sa\u011flamak ve sonu\u00e7 olarak size daha iyi ve geli\u015fmi\u015f bir kullan\u0131c\u0131 sa\u011flamak i\u00e7indir. deneyimleyin ve web sitemizle gelecekteki etkile\u015fimlerinizi h\u0131zland\u0131rmaya yard\u0131mc\u0131 olun.<\/span><\/p>\n<\/div>\n<h3><span style=\"color: #000000;\">Ne t\u00fcr \u00e7erezler kullan\u0131yoruz?<\/span><\/h3>\n<div>\n<p><span style=\"color: #000000;\">Gerekli: Baz\u0131 tan\u0131mlama bilgileri, sitemizin t\u00fcm i\u015flevlerini deneyimleyebilmeniz i\u00e7in gereklidir. Kullan\u0131c\u0131 oturumlar\u0131n\u0131 s\u00fcrd\u00fcrmemize ve herhangi bir g\u00fcvenlik tehdidini \u00f6nlememize izin veriyorlar. Herhangi bir ki\u015fisel bilgi toplamazlar veya saklamazlar. \u00d6rne\u011fin bu \u00e7erezler, hesab\u0131n\u0131za giri\u015f yaparak sepetinize \u00fcr\u00fcn eklemenizi ve g\u00fcvenli bir \u015fekilde \u00f6deme yapman\u0131z\u0131 sa\u011flar.<\/span><\/p>\n<p><span style=\"color: #000000;\">\u0130statistikler: Bu \u00e7erezler, web sitesini ziyaret edenlerin say\u0131s\u0131, tekil ziyaret\u00e7i say\u0131s\u0131, web sitesinin hangi sayfalar\u0131n\u0131n ziyaret edildi\u011fi, ziyaretin kayna\u011f\u0131 vb. bilgileri saklar. Bu veriler, web sitesinin ne kadar iyi performans g\u00f6sterdi\u011fini anlamam\u0131za ve analiz etmemize yard\u0131mc\u0131 olur. ve iyile\u015ftirilmesi gereken yerler.<\/span><\/p>\n<p><span style=\"color: #000000;\">Pazarlama: Web sitemiz reklamlar g\u00f6r\u00fcnt\u00fcler. Bu \u00e7erezler, size g\u00f6sterdi\u011fimiz reklamlar\u0131 sizin i\u00e7in anlaml\u0131 olacak \u015fekilde ki\u015fiselle\u015ftirmek i\u00e7in kullan\u0131l\u0131r. Bu \u00e7erezler ayr\u0131ca bu reklam kampanyalar\u0131n\u0131n etkinli\u011fini takip etmemize yard\u0131mc\u0131 olur.<\/span><br \/>\n<span style=\"color: #000000;\">Bu \u00e7erezlerde saklanan bilgiler, \u00fc\u00e7\u00fcnc\u00fc taraf reklam sa\u011flay\u0131c\u0131lar taraf\u0131ndan size taray\u0131c\u0131daki di\u011fer web sitelerinde de reklam g\u00f6stermek i\u00e7in kullan\u0131labilir.<\/span><\/p>\n<p><span style=\"color: #000000;\">\u0130\u015flevsel: Bunlar, web sitemizdeki gerekli olmayan baz\u0131 i\u015flevlere yard\u0131mc\u0131 olan tan\u0131mlama bilgileridir. Bu i\u015flevler, videolar gibi i\u00e7erikleri g\u00f6mmeyi veya web sitesinin i\u00e7eri\u011fini sosyal medya platformlar\u0131nda payla\u015fmay\u0131 i\u00e7erir.<\/span><\/p>\n<p><span style=\"color: #000000;\">Tercihler: Bu \u00e7erezler, ayarlar\u0131n\u0131z\u0131 ve dil tercihleri gibi g\u00f6z atma tercihlerinizi kaydetmemize yard\u0131mc\u0131 olur, b\u00f6ylece web sitesine gelecekteki ziyaretlerinizde daha iyi ve verimli bir deneyim ya\u015fars\u0131n\u0131z.<\/span><br \/>\n<span style=\"color: #000000;\"><\/span><\/p>\n<\/div>\n<h3><span style=\"color: #000000;\">\u00c7erez tercihlerini nas\u0131l kontrol edebilirim?<\/span><\/h3>\n<div>\n<p><span style=\"color: #000000;\">Daha sonra g\u00f6z atma oturumunuz arac\u0131l\u0131\u011f\u0131yla tercihlerinizi de\u011fi\u015ftirmeye karar verirseniz, ekran\u0131n\u0131zdaki &#8220;Gizlilik ve \u00c7erez Politikas\u0131&#8221; sekmesine t\u0131klayabilirsiniz. Bu, tercihlerinizi de\u011fi\u015ftirmenizi veya onay\u0131n\u0131z\u0131 tamamen geri \u00e7ekmenizi sa\u011flayan onay bildirimini yeniden g\u00f6r\u00fcnt\u00fcler.<\/span><\/p>\n<p><span style=\"color: #000000;\">Buna ek olarak, farkl\u0131 taray\u0131c\u0131lar, web siteleri taraf\u0131ndan kullan\u0131lan \u00e7erezleri engellemek ve silmek i\u00e7in farkl\u0131 y\u00f6ntemler sunar. \u00c7erezleri engellemek\/silmek i\u00e7in taray\u0131c\u0131n\u0131z\u0131n ayarlar\u0131n\u0131 de\u011fi\u015ftirebilirsiniz. \u00c7erezlerin nas\u0131l y\u00f6netilece\u011fi ve silinece\u011fi hakk\u0131nda daha fazla bilgi edinmek i\u00e7in wikipedia.org, www.allaboutcookies.org adresini ziyaret edin.<\/span><\/p>\n<\/div>\n<\/div>\n","protected":false},"excerpt":{"rendered":"<p>Bu \u00e7erez politikas\u0131 hakk\u0131nda Bu \u00c7erez Politikas\u0131, \u00e7erezlerin ne oldu\u011funu ve onlar\u0131 nas\u0131l kulland\u0131\u011f\u0131m\u0131z\u0131, kulland\u0131\u011f\u0131m\u0131z \u00e7erez t\u00fcrlerini, yani \u00e7erezleri kullanarak toplad\u0131\u011f\u0131m\u0131z bilgileri ve bu bilgilerin nas\u0131l kullan\u0131ld\u0131\u011f\u0131n\u0131 ve \u00e7erez tercihlerinin nas\u0131l kontrol edilece\u011fini a\u00e7\u0131klar. Ki\u015fisel verilerinizi nas\u0131l kulland\u0131\u011f\u0131m\u0131z, saklad\u0131\u011f\u0131m\u0131z ve g\u00fcvende tuttu\u011fumuz hakk\u0131nda daha fazla bilgi i\u00e7in Gizlilik Politikam\u0131za bak\u0131n. Web sitemizdeki \u00c7erez Beyannamesine verdi\u011finiz [&hellip;]<\/p>\n","protected":false},"author":1,"featured_media":0,"parent":0,"menu_order":0,"comment_status":"closed","ping_status":"closed","template":"","meta":{"rank_math_lock_modified_date":false,"footnotes":""},"_links":{"self":[{"href":"https:\/\/anglia.gr\/tr\/wp-json\/wp\/v2\/pages\/4752"}],"collection":[{"href":"https:\/\/anglia.gr\/tr\/wp-json\/wp\/v2\/pages"}],"about":[{"href":"https:\/\/anglia.gr\/tr\/wp-json\/wp\/v2\/types\/page"}],"author":[{"embeddable":true,"href":"https:\/\/anglia.gr\/tr\/wp-json\/wp\/v2\/users\/1"}],"replies":[{"embeddable":true,"href":"https:\/\/anglia.gr\/tr\/wp-json\/wp\/v2\/comments?post=4752"}],"version-history":[{"count":3,"href":"https:\/\/anglia.gr\/tr\/wp-json\/wp\/v2\/pages\/4752\/revisions"}],"predecessor-version":[{"id":4948,"href":"https:\/\/anglia.gr\/tr\/wp-json\/wp\/v2\/pages\/4752\/revisions\/4948"}],"wp:attachment":[{"href":"https:\/\/anglia.gr\/tr\/wp-json\/wp\/v2\/media?parent=4752"}],"curies":[{"name":"wp","href":"https:\/\/api.w.org\/{rel}","templated":true}]}}