{"id":4769,"date":"2019-10-23T17:46:09","date_gmt":"2019-10-23T14:46:09","guid":{"rendered":"https:\/\/anglia.gr\/fees-scholarships\/"},"modified":"2023-06-16T12:21:54","modified_gmt":"2023-06-16T09:21:54","slug":"fees-scholarships","status":"publish","type":"page","link":"https:\/\/anglia.gr\/tr\/fees-scholarships\/","title":{"rendered":"\u00dccretler \u2013 Burslar"},"content":{"rendered":"<p>[vc_row][vc_column][vc_column_text css=&#8221;.vc_custom_1574331155114{margin-top: 0px !important;margin-bottom: 0px !important;padding-top: 0px !important;padding-bottom: 0px !important;}&#8221;]<\/p>\n<h2 style=\"display: none;\"><a href=\"http:\/\/studiesinuk.net\/el\/\" target=\"_blank\" rel=\"noopener\">Fees \u2013 Scholarships<\/a><\/h2>\n<p style=\"display: none;\"><a href=\"https:\/\/anglia.gr\/studying-in-uk\/\">Fees \u2013 Scholarships<img loading=\"lazy\" decoding=\"async\" class=\"alignnone size-medium wp-image-3071\" src=\"https:\/\/anglia.gr\/wp-content\/uploads\/2019\/11\/two-attractive-casual-student-girls-studying-Y4V5CZ6-300x200.jpg\" alt=\"Fees \u2013 Scholarships\" width=\"300\" height=\"200\" srcset=\"https:\/\/anglia.gr\/wp-content\/uploads\/2019\/11\/two-attractive-casual-student-girls-studying-Y4V5CZ6-300x200.jpg 300w, https:\/\/anglia.gr\/wp-content\/uploads\/2019\/11\/two-attractive-casual-student-girls-studying-Y4V5CZ6-768x512.jpg 768w, https:\/\/anglia.gr\/wp-content\/uploads\/2019\/11\/two-attractive-casual-student-girls-studying-Y4V5CZ6-1024x683.jpg 1024w, https:\/\/anglia.gr\/wp-content\/uploads\/2019\/11\/two-attractive-casual-student-girls-studying-Y4V5CZ6-600x400.jpg 600w\" sizes=\"(max-width: 300px) 100vw, 300px\" \/><\/a><\/p>\n<p>[\/vc_column_text][vc_column_text css_animation=&#8221;slideInUp&#8221;]<\/p>\n<p style=\"text-align: justify;\"><span class=\"nicdark_font_size_70 nicdark_float_left nicdark_padding_28 nicdark_line_height_30 nicdark_first_font\"><strong>E<\/strong><\/span>yl\u00fcl 2006&#8217;dan bu yana, \u0130ngiliz \u00dcniversitelerine (herhangi bir d\u00fczeyde) kay\u0131tl\u0131 t\u00fcm \u00f6\u011frenciler \u00f6\u011frenim \u00fccreti \u00f6demek zorundad\u0131r. \u00dccretler \u00fcniversiteye g\u00f6re de\u011fi\u015fir, ancak lisans e\u011fitimi i\u00e7in 3.070 pound&#8217;dan (2007 itibariyle) fazla olmamal\u0131d\u0131r. \u0130lginizi \u00e7eken \u00fcniversitelerin resmi web sitelerini ziyaret edin veya bro\u015f\u00fcrlerine g\u00f6z at\u0131n ve her okul ve\/veya \u00fcniversite i\u00e7in \u00fccretlerin ne oldu\u011funu g\u00f6r\u00fcn.<\/p>\n<p style=\"text-align: justify;\">\u0130ngiliz E\u011fitim Bakanl\u0131\u011f\u0131, \u00f6\u011frencilerin e\u011fitim masraflar\u0131n\u0131 kar\u015f\u0131lamalar\u0131na yard\u0131mc\u0131 olmak i\u00e7in faizsiz \u00f6\u011frenim \u00fccreti kredileri sa\u011flar. Krediler, ilgili ba\u015fvuruyu g\u00f6nderdikten sonra \u0130ngiliz \u00fcniversitelerine kabul edilen \u00f6\u011frencilere verilir. Kredi, \u00f6\u011frenim \u00fccretlerinden ba\u015fka hi\u00e7bir \u015feyi kapsamaz.<\/p>\n<p style=\"text-align: justify;\">\u0130ngiliz \u00fcniversitelerinde okuyan gen\u00e7lerin bir\u00e7o\u011funun AB \u00fclkelerinden geldi\u011fi g\u00f6z \u00f6n\u00fcne al\u0131nd\u0131\u011f\u0131nda, t\u00fcm \u00fcye devletlerin vatanda\u015flar\u0131 krediye ba\u015fvurabilir. Bu t\u00fcr krediler, \u00f6\u011frencinin (veya ailesinin) mali durumuna bak\u0131lmaks\u0131z\u0131n verilir.<\/p>\n<p>[\/vc_column_text][vc_empty_space][\/vc_column][\/vc_row][vc_row css_animation=&#8221;fadeIn&#8221;][vc_column] <h2 style=\"color:;padding:px;text-align:;font-size:px;line-height:px;letter-spacing: px;font-weight:bold\" class=\"  custom-subheading nd_options_first_font \">\u00d6\u011frenim \u00fccreti kredisi hakk\u0131nda daha fazla bilgiyi nerede bulabilirim?<\/h2> [vc_empty_space][vc_row_inner][vc_column_inner width=&#8221;2\/3&#8243;][vc_column_text]<\/p>\n<p align=\"justify\">Yunan \u00f6\u011frencilere sa\u011flanan krediler hakk\u0131nda daha fazla bilgiyi burada bulabilirsiniz:<\/p>\n<p align=\"justify\">AB M\u00fc\u015fteri Hizmetleri Ekibi<br \/>\nMowden Hall<br \/>\nStaindrop Road<br \/>\nDarlington<br \/>\nDL3 9BG<br \/>\n\u0391\u0393\u0393\u039b\u0399\u0391<\/p>\n<p>[\/vc_column_text] <p style=\"color:;padding:px;text-align:;font-size:px;line-height:px;letter-spacing: px;font-weight:normal\" class=\"   nd_options_first_font \">telefon: +44 141 243 3570<\/p>  <p style=\"color:;padding:px;text-align:;font-size:px;line-height:px;letter-spacing: px;font-weight:normal\" class=\"   nd_options_first_font \">email: EU_Team@slc.co.uk<\/p> [vc_column_text]<\/p>\n<p align=\"justify\">Ayr\u0131ca, \u00fcniversitelerin sundu\u011fu teklifleri yan\u0131tlad\u0131ktan sonra \u00dcniversiteler ve Kolejler Kabul Hizmetinden (UCAS) gerekli t\u00fcm bilgileri alabilirsiniz. Ayr\u0131ca yurtd\u0131\u015f\u0131nda okuyan Yunan \u00f6\u011frencilere burs veren kurumlar\u0131n listesine de bir g\u00f6z at\u0131n.<\/p>\n<p>[\/vc_column_text][\/vc_column_inner][vc_column_inner width=&#8221;1\/3&#8243;][vc_single_image image=&#8221;2788&#8243; img_size=&#8221;medium&#8221; css_animation=&#8221;slideInRight&#8221;][\/vc_column_inner][\/vc_row_inner][\/vc_column][\/vc_row][vc_row][vc_column][vc_empty_space height=&#8221;50&#8243;][\/vc_column][\/vc_row][vc_row css_animation=&#8221;fadeIn&#8221;][vc_column] <h2 style=\"color:;padding:px;text-align:;font-size:px;line-height:px;letter-spacing: px;font-weight:bold\" class=\"  custom-subheading nd_options_first_font \">Nas\u0131l uygular\u0131m?<\/h2> [vc_empty_space][vc_row_inner][vc_column_inner width=&#8221;2\/3&#8243;][vc_column_text css_animation=&#8221;slideInUp&#8221;]<\/p>\n<p style=\"text-align: justify;\" align=\"justify\"><span class=\"nicdark_font_size_70 nicdark_float_left nicdark_padding_28 nicdark_line_height_30 nicdark_first_font\"><strong>U<\/strong><\/span>ygulamay\u0131 indirmek ve g\u00f6ndermeniz gereken gerekli destekleyici belgelerle ilgili \u00f6zel y\u00f6nergeleri bulmak i\u00e7in \u0130ngiliz E\u011fitim Bakanl\u0131\u011f\u0131&#8217;n\u0131n resmi web sitesini ziyaret edin. Ba\u015fvuruyu internet \u00fczerinden veya posta yoluyla yapabilirsiniz. Ba\u015fvurunuz \u00f6zel bir komite taraf\u0131ndan incelenecek ve birka\u00e7 hafta i\u00e7inde yaz\u0131l\u0131 bir cevap alacaks\u0131n\u0131z. Kredinin verilmesi durumunda, \u00f6\u011frenim \u00fccretinin al\u0131nmamas\u0131 i\u00e7in \u00fcniversitenizin mali servisine bildirimde bulunacaks\u0131n\u0131z.<\/p>\n<p>[\/vc_column_text][\/vc_column_inner][vc_column_inner width=&#8221;1\/3&#8243;][vc_single_image image=&#8221;2790&#8243; img_size=&#8221;medium&#8221; css_animation=&#8221;slideInRight&#8221;][\/vc_column_inner][\/vc_row_inner][\/vc_column][\/vc_row][vc_row][vc_column][vc_empty_space height=&#8221;50&#8243;][\/vc_column][\/vc_row][vc_row css_animation=&#8221;fadeIn&#8221;][vc_column] <h2 style=\"color:;padding:px;text-align:;font-size:px;line-height:px;letter-spacing: px;font-weight:bold\" class=\"  custom-subheading nd_options_first_font \">Krediyi nas\u0131l geri \u00f6derim?<\/h2> [vc_empty_space][vc_row_inner][vc_column_inner width=&#8221;2\/3&#8243;][vc_column_text css_animation=&#8221;slideInUp&#8221;]<\/p>\n<p style=\"text-align: justify;\"><span class=\"nicdark_font_size_70 nicdark_float_left nicdark_padding_28 nicdark_line_height_30 nicdark_first_font\"><strong>B<\/strong><\/span>u bir bor\u00e7 oldu\u011fu i\u00e7in, e\u011fitiminizi tamamlad\u0131ktan sonra t\u00fcm tutar\u0131 iade edeceksiniz. Unutulmamal\u0131d\u0131r ki faizsiz bir kredidir ve kendi bireysel gelirinizle kendinizi maddi olarak desteklemeye ba\u015flad\u0131\u011f\u0131n\u0131zda geri \u00f6demeye ba\u015flayabilirsiniz.<\/p>\n<p style=\"text-align: justify;\">E\u011fitiminizi tamamlamamaya karar verirseniz, krediyi ya \u00e7al\u0131\u015fmaya ba\u015flad\u0131\u011f\u0131n\u0131zda ya da dilerseniz daha \u00f6nce geri \u00f6dersiniz.<\/p>\n<p>[\/vc_column_text][\/vc_column_inner][vc_column_inner width=&#8221;1\/3&#8243;][vc_single_image image=&#8221;1950&#8243; img_size=&#8221;medium&#8221; css_animation=&#8221;slideInRight&#8221;][\/vc_column_inner][\/vc_row_inner][\/vc_column][\/vc_row][vc_row full_width=&#8221;stretch_row&#8221; content_placement=&#8221;top&#8221; parallax=&#8221;content-moving&#8221; css_animation=&#8221;none&#8221; css=&#8221;.vc_custom_1572953296293{margin-top: 50px !important;margin-right: 0px !important;margin-bottom: 10px !important;margin-left: 0px !important;border-bottom-width: 0px !important;padding-right: 350px !important;padding-bottom: 60px !important;padding-left: 350px !important;background-color: #ffffff !important;}&#8221; el_class=&#8221;custom-form-row&#8221;][vc_column width=&#8221;1\/2&#8243; offset=&#8221;vc_col-xs-12&#8243;] <h2 style=\"color:#0a0a0a;padding:px;text-align:;font-size:50px;line-height:px;letter-spacing: px;font-weight:lighter\" class=\"  custom-heading nd_options_first_font \">\u00fccretsiz bilgi<\/h2> <div style=\"background-color:;height: 10px\" class=\"nicdark_section  \"><\/div> <h3 style=\"color:#0a0a0a;padding:px;text-align:;font-size:20px;line-height:px;letter-spacing: px;font-weight:normal\" class=\"  custom-subheading nd_options_first_font \">Yurt d\u0131\u015f\u0131 e\u011fitim ve di\u011fer hizmetler i\u00e7in<\/h3> [vc_row_inner content_placement=&#8221;middle&#8221; css=&#8221;.vc_custom_1572952345796{margin-top: 30px !important;margin-bottom: 0px !important;border-top-width: 1px !important;border-bottom-width: 0px !important;padding-bottom: 0px !important;background-color: #ffffff !important;border-top-color: #ffffff !important;border-bottom-color: #ffffff !important;}&#8221;][vc_column_inner css=&#8221;.vc_custom_1572863434289{padding-top: 0px !important;padding-bottom: 0px !important;}&#8221;]\n    <div style=\"text-align:center\" class=\"nd_options_section\">\n      <img decoding=\"async\" alt=\"\" style=\"width:100%\" class=\" nd_options_margin_0 nd_options_padding_0 \" src=\"https:\/\/anglia.gr\/wp-content\/uploads\/2019\/11\/contact_photo-1024x683.jpg\">\n    <\/div>\n   [\/vc_column_inner][\/vc_row_inner][\/vc_column][vc_column width=&#8221;1\/2&#8243; offset=&#8221;vc_col-xs-12&#8243;][vc_empty_space height=&#8221;80&#8243; el_class=&#8221;dis-mob-none&#8221;] <h3 style=\"color:;padding:px;text-align:;font-size:15px;line-height:px;letter-spacing: px;font-weight:bold\" class=\"   nd_options_first_font \">Daha fazla bilgi i\u00e7in l\u00fctfen a\u015fa\u011f\u0131daki formu doldurunuz.<\/h3> \n<div class=\"wpcf7 no-js\" id=\"wpcf7-f4589-o1\" lang=\"en-US\" dir=\"ltr\">\n<div class=\"screen-reader-response\"><p role=\"status\" aria-live=\"polite\" aria-atomic=\"true\"><\/p> <ul><\/ul><\/div>\n<form action=\"\/tr\/wp-json\/wp\/v2\/pages\/4769#wpcf7-f4589-o1\" method=\"post\" class=\"wpcf7-form init\" aria-label=\"Contact form\" novalidate=\"novalidate\" data-status=\"init\">\n<div style=\"display: none;\">\n<input type=\"hidden\" name=\"_wpcf7\" value=\"4589\" \/>\n<input type=\"hidden\" name=\"_wpcf7_version\" value=\"5.9.8\" \/>\n<input type=\"hidden\" name=\"_wpcf7_locale\" value=\"en_US\" \/>\n<input type=\"hidden\" name=\"_wpcf7_unit_tag\" value=\"wpcf7-f4589-o1\" \/>\n<input type=\"hidden\" name=\"_wpcf7_container_post\" value=\"0\" \/>\n<input type=\"hidden\" name=\"_wpcf7_posted_data_hash\" value=\"\" \/>\n<input type=\"hidden\" name=\"_wpcf7_recaptcha_response\" value=\"\" \/>\n<\/div>\n<div class=\"contact-form\">\n\t<p><span class=\"wpcf7-form-control-wrap\" data-name=\"name1\"><input size=\"40\" maxlength=\"400\" class=\"wpcf7-form-control wpcf7-text wpcf7-validates-as-required\" aria-required=\"true\" aria-invalid=\"false\" placeholder=\"\u0130sim\" value=\"\" type=\"text\" name=\"name1\" \/><\/span><span class=\"wpcf7-form-control-wrap\" data-name=\"surname\"><input size=\"40\" maxlength=\"400\" class=\"wpcf7-form-control wpcf7-text wpcf7-validates-as-required\" aria-required=\"true\" aria-invalid=\"false\" placeholder=\"Soyad\u0131\" value=\"\" type=\"text\" name=\"surname\" \/><\/span><span class=\"wpcf7-form-control-wrap\" data-name=\"email\"><input size=\"40\" maxlength=\"400\" class=\"wpcf7-form-control wpcf7-email wpcf7-validates-as-required wpcf7-text wpcf7-validates-as-email\" aria-required=\"true\" aria-invalid=\"false\" placeholder=\"Email\" value=\"\" type=\"email\" name=\"email\" \/><\/span><span class=\"wpcf7-form-control-wrap\" data-name=\"subject\"><input size=\"40\" maxlength=\"400\" class=\"wpcf7-form-control wpcf7-text wpcf7-validates-as-required\" aria-required=\"true\" aria-invalid=\"false\" placeholder=\"Ders\" value=\"\" type=\"text\" name=\"subject\" \/><\/span><span class=\"wpcf7-form-control-wrap\" data-name=\"message\"><textarea cols=\"40\" rows=\"4\" maxlength=\"2000\" class=\"wpcf7-form-control wpcf7-textarea wpcf7-validates-as-required\" aria-required=\"true\" aria-invalid=\"false\" placeholder=\"\u0130leti\" name=\"message\"><\/textarea><\/span><input class=\"wpcf7-form-control wpcf7-submit has-spinner\" type=\"submit\" value=\"G\u00f6ndermek\" \/>\n\t<\/p>\n<\/div><div class=\"wpcf7-response-output\" aria-hidden=\"true\"><\/div>\n<\/form>\n<\/div>\n[\/vc_column][\/vc_row]<\/p>\n","protected":false},"excerpt":{"rendered":"<p>[vc_row][vc_column][vc_column_text css=&#8221;.vc_custom_1574331155114{margin-top: 0px !important;margin-bottom: 0px !important;padding-top: 0px !important;padding-bottom: 0px !important;}&#8221;] Fees \u2013 Scholarships Fees \u2013 Scholarships [\/vc_column_text][vc_column_text css_animation=&#8221;slideInUp&#8221;] Eyl\u00fcl 2006&#8217;dan bu yana, \u0130ngiliz \u00dcniversitelerine (herhangi bir d\u00fczeyde) kay\u0131tl\u0131 t\u00fcm \u00f6\u011frenciler \u00f6\u011frenim \u00fccreti \u00f6demek zorundad\u0131r. \u00dccretler \u00fcniversiteye g\u00f6re de\u011fi\u015fir, ancak lisans e\u011fitimi i\u00e7in 3.070 pound&#8217;dan (2007 itibariyle) fazla olmamal\u0131d\u0131r. \u0130lginizi \u00e7eken \u00fcniversitelerin resmi web sitelerini ziyaret [&hellip;]<\/p>\n","protected":false},"author":1,"featured_media":0,"parent":0,"menu_order":0,"comment_status":"closed","ping_status":"closed","template":"","meta":{"rank_math_lock_modified_date":false,"footnotes":""},"_links":{"self":[{"href":"https:\/\/anglia.gr\/tr\/wp-json\/wp\/v2\/pages\/4769"}],"collection":[{"href":"https:\/\/anglia.gr\/tr\/wp-json\/wp\/v2\/pages"}],"about":[{"href":"https:\/\/anglia.gr\/tr\/wp-json\/wp\/v2\/types\/page"}],"author":[{"embeddable":true,"href":"https:\/\/anglia.gr\/tr\/wp-json\/wp\/v2\/users\/1"}],"replies":[{"embeddable":true,"href":"https:\/\/anglia.gr\/tr\/wp-json\/wp\/v2\/comments?post=4769"}],"version-history":[{"count":3,"href":"https:\/\/anglia.gr\/tr\/wp-json\/wp\/v2\/pages\/4769\/revisions"}],"predecessor-version":[{"id":4945,"href":"https:\/\/anglia.gr\/tr\/wp-json\/wp\/v2\/pages\/4769\/revisions\/4945"}],"wp:attachment":[{"href":"https:\/\/anglia.gr\/tr\/wp-json\/wp\/v2\/media?parent=4769"}],"curies":[{"name":"wp","href":"https:\/\/api.w.org\/{rel}","templated":true}]}}