{"id":4773,"date":"2019-10-24T12:31:46","date_gmt":"2019-10-24T09:31:46","guid":{"rendered":"https:\/\/anglia.gr\/medical-studies-in-bulgaria\/"},"modified":"2023-06-14T13:41:46","modified_gmt":"2023-06-14T10:41:46","slug":"medical-studies-in-bulgaria","status":"publish","type":"page","link":"https:\/\/anglia.gr\/tr\/medical-studies-in-bulgaria\/","title":{"rendered":"Bulgaristan&#8217;da T\u0131p E\u011fitimi"},"content":{"rendered":"<p>[vc_row][vc_column][vc_empty_space height=&#8221;50&#8243;][\/vc_column][\/vc_row][vc_row css_animation=&#8221;slideInUp&#8221;][vc_column][vc_column_text]<\/p>\n<p style=\"text-align: justify;\"><span class=\"nicdark_font_size_70 nicdark_float_left nicdark_padding_28 nicdark_line_height_30 nicdark_first_font\"><strong>T<\/strong><\/span>\u0131p d\u00fcnyas\u0131na girmek ve di\u011fer insanlar\u0131n ya\u015famlar\u0131n\u0131 olumlu y\u00f6nde etkilemek isteyen \u00f6\u011frenciler i\u00e7in Bulgaristan&#8217;da bir T\u0131p \u00fcniversitesinde okumak en mant\u0131kl\u0131 se\u00e7im gibi g\u00f6r\u00fcnebilir. derinlemesine insan v\u00fccudu. Bulgaristan&#8217;da okumay\u0131 se\u00e7erseniz, t\u0131p sekt\u00f6r\u00fc hakk\u0131nda bilgi edinmek g\u00fcnl\u00fck rutininizin bir par\u00e7as\u0131 olacakt\u0131r.<\/p>\n<p>[\/vc_column_text][\/vc_column][\/vc_row][vc_row][vc_column][vc_empty_space height=&#8221;20&#8243;][\/vc_column][\/vc_row][vc_row full_width=&#8221;stretch_row_content&#8221; content_placement=&#8221;middle&#8221; parallax=&#8221;content-moving&#8221; parallax_image=&#8221;1490&#8243; parallax_speed_bg=&#8221;3&#8243; css_animation=&#8221;fadeIn&#8221; css=&#8221;.vc_custom_1573238393819{padding-top: 30px !important;padding-bottom: 30px !important;}&#8221;][vc_column css_animation=&#8221;slideInUp&#8221; css=&#8221;.vc_custom_1573238381700{background-color: rgba(10,10,10,0.48) !important;*background-color: rgb(10,10,10) !important;}&#8221;][vc_column_text]<\/p>\n<div class=\"vc_row wpb_row vc_row-fluid\">\n<div class=\"wpb_column vc_column_container vc_col-sm-12\">\n<div class=\"vc_column-inner\">\n<div class=\"wpb_wrapper\">\n<div class=\"wpb_text_column wpb_content_element \">\n<div class=\"wpb_wrapper\">\n<p style=\"text-align: center;\"><span style=\"font-size: 12pt; color: #ffffff;\">Bulgaristan&#8217;daki t\u0131p \u00fcniversitelerinin savundu\u011fu de\u011ferlere g\u00f6re, sa\u011fl\u0131\u011f\u0131n \u00f6nemi ve tedavinin sundu\u011fu ki\u015fisel tatmin, bir doktoru ve klinik t\u0131p uygulamas\u0131n\u0131 tan\u0131mlayan \u00f6zelliklerdir.<\/span><\/p>\n<\/div>\n<\/div>\n<\/div>\n<\/div>\n<\/div>\n<\/div>\n<div class=\"vc_row wpb_row vc_row-fluid\">\n<div class=\"wpb_column vc_column_container vc_col-sm-12\">\n<div class=\"vc_column-inner\">\n<div class=\"wpb_wrapper\"><\/div>\n<\/div>\n<\/div>\n<\/div>\n<p>[\/vc_column_text][\/vc_column][\/vc_row][vc_row][vc_column][vc_empty_space height=&#8221;36&#8243;][\/vc_column][\/vc_row][vc_row][vc_column css_animation=&#8221;slideInUp&#8221; width=&#8221;2\/3&#8243;][vc_column_text]<\/p>\n<p style=\"text-align: justify;\"><span class=\"nicdark_font_size_70 nicdark_float_left nicdark_padding_28 nicdark_line_height_30 nicdark_first_font\"><strong>B<\/strong><\/span>ulgar \u00fcniversiteleri t\u0131p sekt\u00f6r\u00fcnde \u00f6\u011frencileri y\u00f6nlendirmek i\u00e7in ba\u015far\u0131l\u0131 haz\u0131rl\u0131k kurslar\u0131 d\u00fczenliyor. Bulgaristan&#8217;daki t\u0131p \u00fcniversiteleri \u00f6ncelikle doktorlar\u0131n ve bilim adamlar\u0131n\u0131n e\u011fitimini te\u015fvik ederek gelece\u011fin liderlerinden olu\u015fan bir topluluk olu\u015fturmay\u0131 hedefliyor. \u00f6\u011frencilere, onlara bir dizi temel bilgi ve pratik beceri sa\u011flar.<\/p>\n<p>[\/vc_column_text][\/vc_column][vc_column width=&#8221;1\/3&#8243;][vc_single_image image=&#8221;3152&#8243; img_size=&#8221;medium&#8221; css_animation=&#8221;slideInRight&#8221;][\/vc_column][\/vc_row][vc_row full_width=&#8221;stretch_row&#8221; content_placement=&#8221;top&#8221; parallax=&#8221;content-moving&#8221; css_animation=&#8221;none&#8221; css=&#8221;.vc_custom_1572953296293{margin-top: 50px !important;margin-right: 0px !important;margin-bottom: 10px !important;margin-left: 0px !important;border-bottom-width: 0px !important;padding-right: 350px !important;padding-bottom: 60px !important;padding-left: 350px !important;background-color: #ffffff !important;}&#8221; el_class=&#8221;custom-form-row&#8221;][vc_column width=&#8221;1\/2&#8243; offset=&#8221;vc_col-xs-12&#8243;] <h2 style=\"color:#0a0a0a;padding:px;text-align:;font-size:50px;line-height:px;letter-spacing: px;font-weight:lighter\" class=\"  custom-heading nd_options_first_font \">\u00fccretsiz bilgi<\/h2> <div style=\"background-color:;height: 10px\" class=\"nicdark_section  \"><\/div> <h3 style=\"color:#0a0a0a;padding:px;text-align:;font-size:20px;line-height:px;letter-spacing: px;font-weight:normal\" class=\"  custom-subheading nd_options_first_font \">Yurt d\u0131\u015f\u0131 e\u011fitim ve di\u011fer hizmetler i\u00e7in<\/h3> [vc_row_inner content_placement=&#8221;middle&#8221; css=&#8221;.vc_custom_1572952345796{margin-top: 30px !important;margin-bottom: 0px !important;border-top-width: 1px !important;border-bottom-width: 0px !important;padding-bottom: 0px !important;background-color: #ffffff !important;border-top-color: #ffffff !important;border-bottom-color: #ffffff !important;}&#8221;][vc_column_inner css=&#8221;.vc_custom_1572863434289{padding-top: 0px !important;padding-bottom: 0px !important;}&#8221;]\n    <div style=\"text-align:center\" class=\"nd_options_section\">\n      <img decoding=\"async\" alt=\"\" style=\"width:100%\" class=\" nd_options_margin_0 nd_options_padding_0 \" src=\"https:\/\/anglia.gr\/wp-content\/uploads\/2019\/11\/contact_photo-1024x683.jpg\">\n    <\/div>\n   [\/vc_column_inner][\/vc_row_inner][\/vc_column][vc_column width=&#8221;1\/2&#8243; offset=&#8221;vc_col-xs-12&#8243;][vc_empty_space height=&#8221;80&#8243; el_class=&#8221;dis-mob-none&#8221;] <h3 style=\"color:;padding:px;text-align:;font-size:15px;line-height:px;letter-spacing: px;font-weight:bold\" class=\"   nd_options_first_font \">Daha fazla bilgi i\u00e7in l\u00fctfen a\u015fa\u011f\u0131daki formu doldurunuz.<\/h3> \n<div class=\"wpcf7 no-js\" id=\"wpcf7-f4589-o1\" lang=\"en-US\" dir=\"ltr\">\n<div class=\"screen-reader-response\"><p role=\"status\" aria-live=\"polite\" aria-atomic=\"true\"><\/p> <ul><\/ul><\/div>\n<form action=\"\/tr\/wp-json\/wp\/v2\/pages\/4773#wpcf7-f4589-o1\" method=\"post\" class=\"wpcf7-form init\" aria-label=\"Contact form\" novalidate=\"novalidate\" data-status=\"init\">\n<div style=\"display: none;\">\n<input type=\"hidden\" name=\"_wpcf7\" value=\"4589\" \/>\n<input type=\"hidden\" name=\"_wpcf7_version\" value=\"5.9.8\" \/>\n<input type=\"hidden\" name=\"_wpcf7_locale\" value=\"en_US\" \/>\n<input type=\"hidden\" name=\"_wpcf7_unit_tag\" value=\"wpcf7-f4589-o1\" \/>\n<input type=\"hidden\" name=\"_wpcf7_container_post\" value=\"0\" \/>\n<input type=\"hidden\" name=\"_wpcf7_posted_data_hash\" value=\"\" \/>\n<input type=\"hidden\" name=\"_wpcf7_recaptcha_response\" value=\"\" \/>\n<\/div>\n<div class=\"contact-form\">\n\t<p><span class=\"wpcf7-form-control-wrap\" data-name=\"name1\"><input size=\"40\" maxlength=\"400\" class=\"wpcf7-form-control wpcf7-text wpcf7-validates-as-required\" aria-required=\"true\" aria-invalid=\"false\" placeholder=\"\u0130sim\" value=\"\" type=\"text\" name=\"name1\" \/><\/span><span class=\"wpcf7-form-control-wrap\" data-name=\"surname\"><input size=\"40\" maxlength=\"400\" class=\"wpcf7-form-control wpcf7-text wpcf7-validates-as-required\" aria-required=\"true\" aria-invalid=\"false\" placeholder=\"Soyad\u0131\" value=\"\" type=\"text\" name=\"surname\" \/><\/span><span class=\"wpcf7-form-control-wrap\" data-name=\"email\"><input size=\"40\" maxlength=\"400\" class=\"wpcf7-form-control wpcf7-email wpcf7-validates-as-required wpcf7-text wpcf7-validates-as-email\" aria-required=\"true\" aria-invalid=\"false\" placeholder=\"Email\" value=\"\" type=\"email\" name=\"email\" \/><\/span><span class=\"wpcf7-form-control-wrap\" data-name=\"subject\"><input size=\"40\" maxlength=\"400\" class=\"wpcf7-form-control wpcf7-text wpcf7-validates-as-required\" aria-required=\"true\" aria-invalid=\"false\" placeholder=\"Ders\" value=\"\" type=\"text\" name=\"subject\" \/><\/span><span class=\"wpcf7-form-control-wrap\" data-name=\"message\"><textarea cols=\"40\" rows=\"4\" maxlength=\"2000\" class=\"wpcf7-form-control wpcf7-textarea wpcf7-validates-as-required\" aria-required=\"true\" aria-invalid=\"false\" placeholder=\"\u0130leti\" name=\"message\"><\/textarea><\/span><input class=\"wpcf7-form-control wpcf7-submit has-spinner\" type=\"submit\" value=\"G\u00f6ndermek\" \/>\n\t<\/p>\n<\/div><div class=\"wpcf7-response-output\" aria-hidden=\"true\"><\/div>\n<\/form>\n<\/div>\n[\/vc_column][\/vc_row]<\/p>\n","protected":false},"excerpt":{"rendered":"<p>[vc_row][vc_column][vc_empty_space height=&#8221;50&#8243;][\/vc_column][\/vc_row][vc_row css_animation=&#8221;slideInUp&#8221;][vc_column][vc_column_text] T\u0131p d\u00fcnyas\u0131na girmek ve di\u011fer insanlar\u0131n ya\u015famlar\u0131n\u0131 olumlu y\u00f6nde etkilemek isteyen \u00f6\u011frenciler i\u00e7in Bulgaristan&#8217;da bir T\u0131p \u00fcniversitesinde okumak en mant\u0131kl\u0131 se\u00e7im gibi g\u00f6r\u00fcnebilir. derinlemesine insan v\u00fccudu. Bulgaristan&#8217;da okumay\u0131 se\u00e7erseniz, t\u0131p sekt\u00f6r\u00fc hakk\u0131nda bilgi edinmek g\u00fcnl\u00fck rutininizin bir par\u00e7as\u0131 olacakt\u0131r. [\/vc_column_text][\/vc_column][\/vc_row][vc_row][vc_column][vc_empty_space height=&#8221;20&#8243;][\/vc_column][\/vc_row][vc_row full_width=&#8221;stretch_row_content&#8221; content_placement=&#8221;middle&#8221; parallax=&#8221;content-moving&#8221; parallax_image=&#8221;1490&#8243; parallax_speed_bg=&#8221;3&#8243; css_animation=&#8221;fadeIn&#8221; css=&#8221;.vc_custom_1573238393819{padding-top: 30px !important;padding-bottom: 30px !important;}&#8221;][vc_column [&hellip;]<\/p>\n","protected":false},"author":1,"featured_media":0,"parent":0,"menu_order":0,"comment_status":"closed","ping_status":"closed","template":"","meta":{"rank_math_lock_modified_date":false,"footnotes":""},"_links":{"self":[{"href":"https:\/\/anglia.gr\/tr\/wp-json\/wp\/v2\/pages\/4773"}],"collection":[{"href":"https:\/\/anglia.gr\/tr\/wp-json\/wp\/v2\/pages"}],"about":[{"href":"https:\/\/anglia.gr\/tr\/wp-json\/wp\/v2\/types\/page"}],"author":[{"embeddable":true,"href":"https:\/\/anglia.gr\/tr\/wp-json\/wp\/v2\/users\/1"}],"replies":[{"embeddable":true,"href":"https:\/\/anglia.gr\/tr\/wp-json\/wp\/v2\/comments?post=4773"}],"version-history":[{"count":3,"href":"https:\/\/anglia.gr\/tr\/wp-json\/wp\/v2\/pages\/4773\/revisions"}],"predecessor-version":[{"id":4776,"href":"https:\/\/anglia.gr\/tr\/wp-json\/wp\/v2\/pages\/4773\/revisions\/4776"}],"wp:attachment":[{"href":"https:\/\/anglia.gr\/tr\/wp-json\/wp\/v2\/media?parent=4773"}],"curies":[{"name":"wp","href":"https:\/\/api.w.org\/{rel}","templated":true}]}}