{"id":4778,"date":"2019-10-24T14:07:28","date_gmt":"2019-10-24T11:07:28","guid":{"rendered":"https:\/\/anglia.gr\/medical-studies-in-uk\/"},"modified":"2023-06-14T14:30:03","modified_gmt":"2023-06-14T11:30:03","slug":"medical-studies-in-uk","status":"publish","type":"page","link":"https:\/\/anglia.gr\/tr\/medical-studies-in-uk\/","title":{"rendered":"Birle\u015fik Krall\u0131k&#8217;ta T\u0131p \u00c7al\u0131\u015fmalar\u0131"},"content":{"rendered":"<p>[vc_row][vc_column][vc_empty_space height=&#8221;50&#8243;][\/vc_column][\/vc_row][vc_row css_animation=&#8221;slideInUp&#8221;][vc_column width=&#8221;1\/2&#8243;][vc_column_text]<\/p>\n<p style=\"text-align: justify;\"><span class=\"nicdark_font_size_70 nicdark_float_left nicdark_padding_28 nicdark_line_height_30 nicdark_first_font\"> <strong>\u0130<\/strong><\/span>ngiltere&#8217;de oldu\u011fu kadar \u0130sko\u00e7ya&#8217;da da t\u0131p \u00f6\u011frenciler i\u00e7in m\u00fckemmel bir se\u00e7imdir. \u0130ngiliz e\u011fitim sistemi, organizasyon ve altyap\u0131 a\u00e7\u0131s\u0131ndan \u00e7ok daha fazlas\u0131n\u0131 sunar. \u0130ngiltere&#8217;deki t\u0131p fak\u00fcltesine kabul, GCE A D\u00fczeyleri arac\u0131l\u0131\u011f\u0131yla yap\u0131l\u0131r.<\/p>\n<p>[\/vc_column_text][\/vc_column][vc_column width=&#8221;1\/2&#8243;][vc_column_text]<span class=\"nicdark_font_size_70 nicdark_float_left nicdark_padding_28 nicdark_line_height_30 nicdark_first_font\"> <strong>A<\/strong><\/span> Level derslerinin notlar\u0131 y\u00fcksek olmal\u0131d\u0131r. Birle\u015fik Krall\u0131k t\u0131p fak\u00fclteleri ayr\u0131ca bir davran\u0131\u015f testi olan ve \u00f6zellikle akademik performansla ilgili olmayan bir UKCAT diplomas\u0131 istemektedir. Ayr\u0131ca, her aday\u0131n \u00dcniversitede bir yer edinmesi i\u00e7in bir m\u00fclakattan ge\u00e7mesi gerekmektedir.[\/vc_column_text][\/vc_column][\/vc_row][vc_row][vc_column][vc_empty_space height=&#8221;50&#8243;][\/vc_column][\/vc_row][vc_row full_width=&#8221;stretch_row_content&#8221; content_placement=&#8221;middle&#8221; parallax=&#8221;content-moving&#8221; parallax_image=&#8221;2059&#8243; parallax_speed_bg=&#8221;3&#8243; css=&#8221;.vc_custom_1573143754433{padding-top: 70px !important;padding-bottom: 70px !important;}&#8221;][vc_column css_animation=&#8221;slideInUp&#8221; css=&#8221;.vc_custom_1573143523570{padding-bottom: 20px !important;background-color: rgba(0,0,0,0.53) !important;*background-color: rgb(0,0,0) !important;}&#8221;] <p style=\"color:#f4f4f4;padding:px;text-align:center;font-size:23px;line-height:px;letter-spacing: px;font-weight:bold\" class=\"   nd_options_first_font \">\u00c7al\u0131\u015fmalar\u0131 tamamlad\u0131ktan sonra, mezunlar \u00e7ok iyi bir i\u015f bulabilirler. \u0130ngiltere'nin t\u0131bbi, klinik ve hastane ortamlar\u0131nda t\u0131bbi personele ihtiyac\u0131 var.<\/p> [\/vc_column][\/vc_row][vc_row][vc_column][vc_empty_space height=&#8221;50&#8243;][\/vc_column][\/vc_row][vc_row css_animation=&#8221;fadeIn&#8221;][vc_column width=&#8221;1\/2&#8243;][vc_column_text]<\/p>\n<p style=\"text-align: justify;\">\u0130ngiltere ve \u0130sko\u00e7ya&#8217;da t\u0131p, her gen\u00e7 \u00f6\u011frencinin mesleki gelece\u011fini in\u015fa etmek i\u00e7in sa\u011flam temeller sa\u011flar. \u0130ngiltere ve \u0130sko\u00e7ya&#8217;da 30&#8217;dan fazla \u00f6nemli t\u0131p fak\u00fcltesi var. T\u0131p e\u011fitiminin s\u00fcresi 5 y\u0131ld\u0131r. 5 y\u0131ll\u0131k kursu tamamlad\u0131ktan sonra, mezunlar T\u0131p Lisans\u0131 (MBChB) veya Cerrahi Lisans\u0131 (MBBS) derecesi al\u0131rlar. Ancak, bir ara\u015ft\u0131rma alan\u0131nda ek bir derece (\u00f6rn. BSc, BA) elde etmek i\u00e7in ek bir y\u0131l\u0131 takip etmek m\u00fcmk\u00fcnd\u00fcr. Baz\u0131 \u00fcniversitelerde ek y\u0131l zorunludur. Lisans derecesini tamamlayan mezunlar\u0131n hastanelerde veya kliniklerde 2 y\u0131l daha e\u011fitim almalar\u0131 gerekmektedir.<\/p>\n<p>[\/vc_column_text][\/vc_column][vc_column width=&#8221;1\/2&#8243;][vc_single_image image=&#8221;2931&#8243; img_size=&#8221;large&#8221; css_animation=&#8221;slideInRight&#8221;][\/vc_column][\/vc_row][vc_row full_width=&#8221;stretch_row&#8221; content_placement=&#8221;top&#8221; parallax=&#8221;content-moving&#8221; css_animation=&#8221;none&#8221; css=&#8221;.vc_custom_1572953296293{margin-top: 50px !important;margin-right: 0px !important;margin-bottom: 10px !important;margin-left: 0px !important;border-bottom-width: 0px !important;padding-right: 350px !important;padding-bottom: 60px !important;padding-left: 350px !important;background-color: #ffffff !important;}&#8221; el_class=&#8221;custom-form-row&#8221;][vc_column width=&#8221;1\/2&#8243; offset=&#8221;vc_col-xs-12&#8243;] <h2 style=\"color:#0a0a0a;padding:px;text-align:;font-size:50px;line-height:px;letter-spacing: px;font-weight:lighter\" class=\"  custom-heading nd_options_first_font \">\u00fccretsiz bilgi<\/h2> <div style=\"background-color:;height: 10px\" class=\"nicdark_section  \"><\/div> <h3 style=\"color:#0a0a0a;padding:px;text-align:;font-size:20px;line-height:px;letter-spacing: px;font-weight:normal\" class=\"  custom-subheading nd_options_first_font \">Yurt d\u0131\u015f\u0131 e\u011fitim ve di\u011fer hizmetler i\u00e7in<\/h3> [vc_row_inner content_placement=&#8221;middle&#8221; css=&#8221;.vc_custom_1572952345796{margin-top: 30px !important;margin-bottom: 0px !important;border-top-width: 1px !important;border-bottom-width: 0px !important;padding-bottom: 0px !important;background-color: #ffffff !important;border-top-color: #ffffff !important;border-bottom-color: #ffffff !important;}&#8221;][vc_column_inner css=&#8221;.vc_custom_1572863434289{padding-top: 0px !important;padding-bottom: 0px !important;}&#8221;]\n    <div style=\"text-align:center\" class=\"nd_options_section\">\n      <img decoding=\"async\" alt=\"\" style=\"width:100%\" class=\" nd_options_margin_0 nd_options_padding_0 \" src=\"https:\/\/anglia.gr\/wp-content\/uploads\/2019\/11\/contact_photo-1024x683.jpg\">\n    <\/div>\n   [\/vc_column_inner][\/vc_row_inner][\/vc_column][vc_column width=&#8221;1\/2&#8243; offset=&#8221;vc_col-xs-12&#8243;][vc_empty_space height=&#8221;80&#8243; el_class=&#8221;dis-mob-none&#8221;] <h3 style=\"color:;padding:px;text-align:;font-size:15px;line-height:px;letter-spacing: px;font-weight:bold\" class=\"   nd_options_first_font \">Daha fazla bilgi i\u00e7in l\u00fctfen a\u015fa\u011f\u0131daki formu doldurunuz.<\/h3> \n<div class=\"wpcf7 no-js\" id=\"wpcf7-f4589-o1\" lang=\"en-US\" dir=\"ltr\">\n<div class=\"screen-reader-response\"><p role=\"status\" aria-live=\"polite\" aria-atomic=\"true\"><\/p> <ul><\/ul><\/div>\n<form action=\"\/tr\/wp-json\/wp\/v2\/pages\/4778#wpcf7-f4589-o1\" method=\"post\" class=\"wpcf7-form init\" aria-label=\"Contact form\" novalidate=\"novalidate\" data-status=\"init\">\n<div style=\"display: none;\">\n<input type=\"hidden\" name=\"_wpcf7\" value=\"4589\" \/>\n<input type=\"hidden\" name=\"_wpcf7_version\" value=\"5.9.8\" \/>\n<input type=\"hidden\" name=\"_wpcf7_locale\" value=\"en_US\" \/>\n<input type=\"hidden\" name=\"_wpcf7_unit_tag\" value=\"wpcf7-f4589-o1\" \/>\n<input type=\"hidden\" name=\"_wpcf7_container_post\" value=\"0\" \/>\n<input type=\"hidden\" name=\"_wpcf7_posted_data_hash\" value=\"\" \/>\n<input type=\"hidden\" name=\"_wpcf7_recaptcha_response\" value=\"\" \/>\n<\/div>\n<div class=\"contact-form\">\n\t<p><span class=\"wpcf7-form-control-wrap\" data-name=\"name1\"><input size=\"40\" maxlength=\"400\" class=\"wpcf7-form-control wpcf7-text wpcf7-validates-as-required\" aria-required=\"true\" aria-invalid=\"false\" placeholder=\"\u0130sim\" value=\"\" type=\"text\" name=\"name1\" \/><\/span><span class=\"wpcf7-form-control-wrap\" data-name=\"surname\"><input size=\"40\" maxlength=\"400\" class=\"wpcf7-form-control wpcf7-text wpcf7-validates-as-required\" aria-required=\"true\" aria-invalid=\"false\" placeholder=\"Soyad\u0131\" value=\"\" type=\"text\" name=\"surname\" \/><\/span><span class=\"wpcf7-form-control-wrap\" data-name=\"email\"><input size=\"40\" maxlength=\"400\" class=\"wpcf7-form-control wpcf7-email wpcf7-validates-as-required wpcf7-text wpcf7-validates-as-email\" aria-required=\"true\" aria-invalid=\"false\" placeholder=\"Email\" value=\"\" type=\"email\" name=\"email\" \/><\/span><span class=\"wpcf7-form-control-wrap\" data-name=\"subject\"><input size=\"40\" maxlength=\"400\" class=\"wpcf7-form-control wpcf7-text wpcf7-validates-as-required\" aria-required=\"true\" aria-invalid=\"false\" placeholder=\"Ders\" value=\"\" type=\"text\" name=\"subject\" \/><\/span><span class=\"wpcf7-form-control-wrap\" data-name=\"message\"><textarea cols=\"40\" rows=\"4\" maxlength=\"2000\" class=\"wpcf7-form-control wpcf7-textarea wpcf7-validates-as-required\" aria-required=\"true\" aria-invalid=\"false\" placeholder=\"\u0130leti\" name=\"message\"><\/textarea><\/span><input class=\"wpcf7-form-control wpcf7-submit has-spinner\" type=\"submit\" value=\"G\u00f6ndermek\" \/>\n\t<\/p>\n<\/div><div class=\"wpcf7-response-output\" aria-hidden=\"true\"><\/div>\n<\/form>\n<\/div>\n[\/vc_column][\/vc_row]<\/p>\n","protected":false},"excerpt":{"rendered":"<p>[vc_row][vc_column][vc_empty_space height=&#8221;50&#8243;][\/vc_column][\/vc_row][vc_row css_animation=&#8221;slideInUp&#8221;][vc_column width=&#8221;1\/2&#8243;][vc_column_text] \u0130ngiltere&#8217;de oldu\u011fu kadar \u0130sko\u00e7ya&#8217;da da t\u0131p \u00f6\u011frenciler i\u00e7in m\u00fckemmel bir se\u00e7imdir. \u0130ngiliz e\u011fitim sistemi, organizasyon ve altyap\u0131 a\u00e7\u0131s\u0131ndan \u00e7ok daha fazlas\u0131n\u0131 sunar. \u0130ngiltere&#8217;deki t\u0131p fak\u00fcltesine kabul, GCE A D\u00fczeyleri arac\u0131l\u0131\u011f\u0131yla yap\u0131l\u0131r. [\/vc_column_text][\/vc_column][vc_column width=&#8221;1\/2&#8243;][vc_column_text] A Level derslerinin notlar\u0131 y\u00fcksek olmal\u0131d\u0131r. Birle\u015fik Krall\u0131k t\u0131p fak\u00fclteleri ayr\u0131ca bir davran\u0131\u015f testi olan ve \u00f6zellikle akademik [&hellip;]<\/p>\n","protected":false},"author":1,"featured_media":0,"parent":0,"menu_order":0,"comment_status":"closed","ping_status":"closed","template":"","meta":{"rank_math_lock_modified_date":false,"footnotes":""},"_links":{"self":[{"href":"https:\/\/anglia.gr\/tr\/wp-json\/wp\/v2\/pages\/4778"}],"collection":[{"href":"https:\/\/anglia.gr\/tr\/wp-json\/wp\/v2\/pages"}],"about":[{"href":"https:\/\/anglia.gr\/tr\/wp-json\/wp\/v2\/types\/page"}],"author":[{"embeddable":true,"href":"https:\/\/anglia.gr\/tr\/wp-json\/wp\/v2\/users\/1"}],"replies":[{"embeddable":true,"href":"https:\/\/anglia.gr\/tr\/wp-json\/wp\/v2\/comments?post=4778"}],"version-history":[{"count":3,"href":"https:\/\/anglia.gr\/tr\/wp-json\/wp\/v2\/pages\/4778\/revisions"}],"predecessor-version":[{"id":4781,"href":"https:\/\/anglia.gr\/tr\/wp-json\/wp\/v2\/pages\/4778\/revisions\/4781"}],"wp:attachment":[{"href":"https:\/\/anglia.gr\/tr\/wp-json\/wp\/v2\/media?parent=4778"}],"curies":[{"name":"wp","href":"https:\/\/api.w.org\/{rel}","templated":true}]}}