{"id":4782,"date":"2019-10-24T14:29:06","date_gmt":"2019-10-24T11:29:06","guid":{"rendered":"https:\/\/anglia.gr\/medicine-in-england-and-scotland\/"},"modified":"2023-06-14T14:00:17","modified_gmt":"2023-06-14T11:00:17","slug":"medicine-in-england-and-scotland","status":"publish","type":"page","link":"https:\/\/anglia.gr\/tr\/medicine-in-england-and-scotland\/","title":{"rendered":"\u0130ngiltere ve \u0130sko\u00e7ya&#8217;da T\u0131p &#8211; \u00dcniversiteler"},"content":{"rendered":"<p>[vc_row][vc_column][vc_column_text css=&#8221;.vc_custom_1574336333104{margin-top: 0px !important;margin-bottom: 0px !important;padding-top: 0px !important;padding-bottom: 0px !important;}&#8221;]<\/p>\n<h2 style=\"display: none;\"><a href=\"http:\/\/studiesinuk.net\/el\/\" target=\"_blank\" rel=\"noopener\">Medicine in England and Scotland<\/a><\/h2>\n<p style=\"display: none;\"><a href=\"https:\/\/anglia.gr\/studying-in-uk\/\">Medicine in England and Scotland<img loading=\"lazy\" decoding=\"async\" class=\"alignnone size-medium wp-image-3071\" src=\"https:\/\/anglia.gr\/wp-content\/uploads\/2019\/11\/two-attractive-casual-student-girls-studying-Y4V5CZ6-300x200.jpg\" alt=\"Medicine in England and Scotland\" width=\"300\" height=\"200\" srcset=\"https:\/\/anglia.gr\/wp-content\/uploads\/2019\/11\/two-attractive-casual-student-girls-studying-Y4V5CZ6-300x200.jpg 300w, https:\/\/anglia.gr\/wp-content\/uploads\/2019\/11\/two-attractive-casual-student-girls-studying-Y4V5CZ6-768x512.jpg 768w, https:\/\/anglia.gr\/wp-content\/uploads\/2019\/11\/two-attractive-casual-student-girls-studying-Y4V5CZ6-1024x683.jpg 1024w, https:\/\/anglia.gr\/wp-content\/uploads\/2019\/11\/two-attractive-casual-student-girls-studying-Y4V5CZ6-600x400.jpg 600w\" sizes=\"(max-width: 300px) 100vw, 300px\" \/><\/a><\/p>\n<p>[\/vc_column_text][vc_column_text css_animation=&#8221;slideInUp&#8221; el_class=&#8221;custom-heading&#8221;]<strong><span style=\"font-size: 18pt;\">Anglia Vakf\u0131 bir\u00e7ok \u00f6\u011frenciyi \u0130ngiltere ve \u0130sko\u00e7ya&#8217;da t\u0131p e\u011fitimi almas\u0131 i\u00e7in g\u00f6nderdi. A\u015fa\u011f\u0131daki kurslar g\u00f6stermeliktir.<\/span><\/strong>[\/vc_column_text]<div style=\"background-color:;height: 30px\" class=\"nicdark_section  \"><\/div>[\/vc_column][\/vc_row][vc_row][vc_column][vc_row_inner equal_height=&#8221;yes&#8221; gap=&#8221;25&#8243;][vc_column_inner width=&#8221;1\/4&#8243;] <h3 style=\"color:;padding:px;text-align:;font-size:px;line-height:px;letter-spacing: px;font-weight:bold\" class=\"  custom-subheading nd_options_first_font \">- Edinburgh \u00dcniversitesi'nde<\/h3> <div style=\"background-color:;height: 20px\" class=\"nicdark_section  \"><\/div>[vc_images_carousel images=&#8221;2492,2491,2490&#8243; img_size=&#8221;medium&#8221; onclick=&#8221;link_no&#8221; speed=&#8221;3000&#8243; autoplay=&#8221;yes&#8221; wrap=&#8221;yes&#8221; css_animation=&#8221;slideInLeft&#8221;][\/vc_column_inner][vc_column_inner width=&#8221;3\/4&#8243;][vc_empty_space height=&#8221;50&#8243;][vc_column_text css_animation=&#8221;fadeIn&#8221;]<\/p>\n<p style=\"text-align: justify;\">T\u0131p, se\u00e7ebilece\u011finiz en zorlu ama \u00f6d\u00fcllendirici kariyerlerden biridir.<\/p>\n<p style=\"text-align: justify;\">T\u0131p bilimi son birka\u00e7 on y\u0131lda geni\u015fledi ve \u015fu anda \u00f6rne\u011fin klinik uygulama, ara\u015ft\u0131rma, psikiyatri, cerrahi ve genel t\u0131p gibi 50&#8217;den fazla t\u0131p alan\u0131 var.<\/p>\n<p style=\"text-align: justify;\">Edinburgh \u00dcniversitesi&#8217;ndeki t\u0131p, uzun bir \u00f6\u011fretim gelene\u011fine dayanmaktad\u0131r ve doktorlar\u0131 21. y\u00fczy\u0131lda t\u0131p uygulamalar\u0131n\u0131n zorluklar\u0131n\u0131 kar\u015f\u0131lamaya haz\u0131rlamak i\u00e7in modern ve yenilik\u00e7i bir m\u00fcfredat sunmaktad\u0131r.<\/p>\n<p style=\"text-align: justify;\">Di\u011fer alanlara ek olarak, T\u0131p lisans program\u0131 d\u00f6rt ana alana odaklan\u0131r: klinik beceriler, ki\u015fisel ve mesleki geli\u015fim; Halk Sa\u011fl\u0131\u011f\u0131; farmakoloji ve terap\u00f6tikler; ve t\u0131bb\u0131n psikolojik y\u00f6nleri.<\/p>\n<p>[\/vc_column_text][\/vc_column_inner][\/vc_row_inner][\/vc_column][\/vc_row][vc_row][vc_column][vc_row_inner equal_height=&#8221;yes&#8221; gap=&#8221;25&#8243;][vc_column_inner width=&#8221;1\/4&#8243;] <h3 style=\"color:;padding:px;text-align:;font-size:px;line-height:px;letter-spacing: px;font-weight:bold\" class=\"  custom-subheading nd_options_first_font \">- Dundee \u00dcniversitesi'nde<\/h3> <div style=\"background-color:;height: 20px\" class=\"nicdark_section  \"><\/div>[vc_images_carousel images=&#8221;2609,2610,2611&#8243; img_size=&#8221;medium&#8221; onclick=&#8221;link_no&#8221; speed=&#8221;3000&#8243; autoplay=&#8221;yes&#8221; wrap=&#8221;yes&#8221; css_animation=&#8221;slideInLeft&#8221;][\/vc_column_inner][vc_column_inner width=&#8221;3\/4&#8243;][vc_empty_space height=&#8221;50&#8243;][vc_column_text css_animation=&#8221;fadeIn&#8221;]<\/p>\n<p style=\"text-align: justify;\">Dundee&#8217;de, hem e\u011fitim hem de klinik ihtiya\u00e7lara hizmet eden kapsaml\u0131 \u00f6\u011fretim ve ara\u015ft\u0131rma olanaklar\u0131na sahip tam entegre bir t\u0131p fak\u00fcltesinde ve hastanede t\u0131p e\u011fitimi alma f\u0131rsat\u0131na sahipsiniz. Ninewells Hastanesi ve T\u0131p Fak\u00fcltesi, kanser, anahtar deli\u011fi cerrahisi, kalp hastal\u0131\u011f\u0131, ila\u00e7 geli\u015ftirme ve t\u0131p e\u011fitiminde bir\u00e7ok \u00f6nc\u00fc ara\u015ft\u0131rma alan\u0131n\u0131n merkezidir.<\/p>\n<p style=\"text-align: justify;\">Tayside, Fife ve daha uzak yerlere sa\u011fl\u0131k hizmeti sunan ilgili bir toplulu\u011fun par\u00e7as\u0131 olacak ve amfiler, \u00f6\u011fretim laboratuvarlar\u0131, k\u00fct\u00fcphane, entegre kendi kendine e\u011fitim alan\u0131, bilgisayar odas\u0131 ve \u00f6nde gelen Klinik Beceriler dahil olmak \u00fczere \u00e7ok \u00e7e\u015fitli tesislere eri\u015febileceksiniz. Merkez. Ninewells Hastanesi sahas\u0131nda, \u00f6\u011fretimin kalitesini daha da art\u0131racak yeni bir e\u011fitim tesisi in\u015fa ediliyor.<\/p>\n<p>[\/vc_column_text][\/vc_column_inner][\/vc_row_inner][\/vc_column][\/vc_row][vc_row][vc_column][vc_row_inner equal_height=&#8221;yes&#8221; gap=&#8221;25&#8243;][vc_column_inner width=&#8221;1\/4&#8243;] <h3 style=\"color:;padding:px;text-align:;font-size:px;line-height:px;letter-spacing: px;font-weight:bold\" class=\"  custom-subheading nd_options_first_font \">-Newcastle \u00dcniversitesi'nde<\/h3> <div style=\"background-color:;height: 20px\" class=\"nicdark_section  \"><\/div>[vc_images_carousel images=&#8221;2612,2613,2614&#8243; img_size=&#8221;medium&#8221; onclick=&#8221;link_no&#8221; speed=&#8221;3000&#8243; autoplay=&#8221;yes&#8221; wrap=&#8221;yes&#8221; css_animation=&#8221;slideInLeft&#8221;][\/vc_column_inner][vc_column_inner width=&#8221;3\/4&#8243;][vc_empty_space height=&#8221;30&#8243;][vc_column_text css_animation=&#8221;fadeIn&#8221;]<\/p>\n<p style=\"text-align: justify;\">Newcastle \u00dcniversitesi, Durham \u00dcniversitesi ve Ulusal Sa\u011fl\u0131k Sisteminin Kuzey B\u00f6lgesi ile ortakl\u0131k yapmaktad\u0131r. Bu nedenle, geni\u015f bir hasta pop\u00fclasyonunun sundu\u011fu m\u00fckemmel e\u011fitim f\u0131rsatlar\u0131na eri\u015febileceksiniz.<\/p>\n<p style=\"text-align: justify;\">Newcastle&#8217;da t\u0131p okumak, Birle\u015fik Krall\u0131k&#8217;ta olduk\u00e7a sayg\u0131n bir dereceye g\u00f6t\u00fcr\u00fcr. \u00dcniversite, 2014 y\u0131l\u0131nda Ulusal \u00d6\u011frenci Anketinde Birle\u015fik Krall\u0131k&#8217;ta 7. s\u0131rada yer ald\u0131.<\/p>\n<p style=\"text-align: justify;\">\u00c7al\u0131\u015fmalar b\u00fct\u00fcnc\u00fcl bir \u00f6\u011fretim yakla\u015f\u0131m\u0131 kullan\u0131r. Newcastle&#8217;da iyi e\u011fitimli personelden klinik odakl\u0131 e\u011fitim alacak ve temel t\u0131bbi bilgileri geli\u015ftireceksiniz. Ayr\u0131ca \u015fu yollarla klinik beceriler geli\u015ftireceksiniz:<\/p>\n<ul style=\"text-align: justify;\">\n<li>orijinal klinik deneyimin zengin bir listesi<\/li>\n<li>hastalarla temas ve doktorlara ve hastanelere ziyaretler<\/li>\n<li>\u00d6zel Klinik Beceri Laboratuvarlar\u0131nda beceri geli\u015ftirme<\/li>\n<\/ul>\n<p style=\"text-align: justify;\">Ayr\u0131ca okulumuzun Veterinerlik ve Di\u015f\u00e7ilik \u00e7al\u0131\u015fmalar\u0131 i\u00e7in bir\u00e7ok aday\u0131 destekledi\u011fini de vurguluyoruz.<\/p>\n<p>[\/vc_column_text][\/vc_column_inner][\/vc_row_inner][\/vc_column][\/vc_row][vc_row full_width=&#8221;stretch_row&#8221; content_placement=&#8221;top&#8221; parallax=&#8221;content-moving&#8221; css_animation=&#8221;none&#8221; css=&#8221;.vc_custom_1572953296293{margin-top: 50px !important;margin-right: 0px !important;margin-bottom: 10px !important;margin-left: 0px !important;border-bottom-width: 0px !important;padding-right: 350px !important;padding-bottom: 60px !important;padding-left: 350px !important;background-color: #ffffff !important;}&#8221; el_class=&#8221;custom-form-row&#8221;][vc_column width=&#8221;1\/2&#8243; offset=&#8221;vc_col-xs-12&#8243;] <h2 style=\"color:#0a0a0a;padding:px;text-align:;font-size:50px;line-height:px;letter-spacing: px;font-weight:lighter\" class=\"  custom-heading nd_options_first_font \">\u00fccretsiz bilgi<\/h2> <div style=\"background-color:;height: 10px\" class=\"nicdark_section  \"><\/div> <h3 style=\"color:#0a0a0a;padding:px;text-align:;font-size:20px;line-height:px;letter-spacing: px;font-weight:normal\" class=\"  custom-subheading nd_options_first_font \">Yurt d\u0131\u015f\u0131 e\u011fitim ve di\u011fer hizmetler i\u00e7in<\/h3> [vc_row_inner content_placement=&#8221;middle&#8221; css=&#8221;.vc_custom_1572952345796{margin-top: 30px !important;margin-bottom: 0px !important;border-top-width: 1px !important;border-bottom-width: 0px !important;padding-bottom: 0px !important;background-color: #ffffff !important;border-top-color: #ffffff !important;border-bottom-color: #ffffff !important;}&#8221;][vc_column_inner css=&#8221;.vc_custom_1572863434289{padding-top: 0px !important;padding-bottom: 0px !important;}&#8221;]\n    <div style=\"text-align:center\" class=\"nd_options_section\">\n      <img decoding=\"async\" alt=\"\" style=\"width:100%\" class=\" nd_options_margin_0 nd_options_padding_0 \" src=\"https:\/\/anglia.gr\/wp-content\/uploads\/2019\/11\/contact_photo-1024x683.jpg\">\n    <\/div>\n   [\/vc_column_inner][\/vc_row_inner][\/vc_column][vc_column width=&#8221;1\/2&#8243; offset=&#8221;vc_col-xs-12&#8243;][vc_empty_space height=&#8221;80&#8243; el_class=&#8221;dis-mob-none&#8221;] <h3 style=\"color:;padding:px;text-align:;font-size:15px;line-height:px;letter-spacing: px;font-weight:bold\" class=\"   nd_options_first_font \">Daha fazla bilgi i\u00e7in l\u00fctfen a\u015fa\u011f\u0131daki formu doldurunuz.<\/h3> \n<div class=\"wpcf7 no-js\" id=\"wpcf7-f4589-o1\" lang=\"en-US\" dir=\"ltr\">\n<div class=\"screen-reader-response\"><p role=\"status\" aria-live=\"polite\" aria-atomic=\"true\"><\/p> <ul><\/ul><\/div>\n<form action=\"\/tr\/wp-json\/wp\/v2\/pages\/4782#wpcf7-f4589-o1\" method=\"post\" class=\"wpcf7-form init\" aria-label=\"Contact form\" novalidate=\"novalidate\" data-status=\"init\">\n<div style=\"display: none;\">\n<input type=\"hidden\" name=\"_wpcf7\" value=\"4589\" \/>\n<input type=\"hidden\" name=\"_wpcf7_version\" value=\"5.9.8\" \/>\n<input type=\"hidden\" name=\"_wpcf7_locale\" value=\"en_US\" \/>\n<input type=\"hidden\" name=\"_wpcf7_unit_tag\" value=\"wpcf7-f4589-o1\" \/>\n<input type=\"hidden\" name=\"_wpcf7_container_post\" value=\"0\" \/>\n<input type=\"hidden\" name=\"_wpcf7_posted_data_hash\" value=\"\" \/>\n<input type=\"hidden\" name=\"_wpcf7_recaptcha_response\" value=\"\" \/>\n<\/div>\n<div class=\"contact-form\">\n\t<p><span class=\"wpcf7-form-control-wrap\" data-name=\"name1\"><input size=\"40\" maxlength=\"400\" class=\"wpcf7-form-control wpcf7-text wpcf7-validates-as-required\" aria-required=\"true\" aria-invalid=\"false\" placeholder=\"\u0130sim\" value=\"\" type=\"text\" name=\"name1\" \/><\/span><span class=\"wpcf7-form-control-wrap\" data-name=\"surname\"><input size=\"40\" maxlength=\"400\" class=\"wpcf7-form-control wpcf7-text wpcf7-validates-as-required\" aria-required=\"true\" aria-invalid=\"false\" placeholder=\"Soyad\u0131\" value=\"\" type=\"text\" name=\"surname\" \/><\/span><span class=\"wpcf7-form-control-wrap\" data-name=\"email\"><input size=\"40\" maxlength=\"400\" class=\"wpcf7-form-control wpcf7-email wpcf7-validates-as-required wpcf7-text wpcf7-validates-as-email\" aria-required=\"true\" aria-invalid=\"false\" placeholder=\"Email\" value=\"\" type=\"email\" name=\"email\" \/><\/span><span class=\"wpcf7-form-control-wrap\" data-name=\"subject\"><input size=\"40\" maxlength=\"400\" class=\"wpcf7-form-control wpcf7-text wpcf7-validates-as-required\" aria-required=\"true\" aria-invalid=\"false\" placeholder=\"Ders\" value=\"\" type=\"text\" name=\"subject\" \/><\/span><span class=\"wpcf7-form-control-wrap\" data-name=\"message\"><textarea cols=\"40\" rows=\"4\" maxlength=\"2000\" class=\"wpcf7-form-control wpcf7-textarea wpcf7-validates-as-required\" aria-required=\"true\" aria-invalid=\"false\" placeholder=\"\u0130leti\" name=\"message\"><\/textarea><\/span><input class=\"wpcf7-form-control wpcf7-submit has-spinner\" type=\"submit\" value=\"G\u00f6ndermek\" \/>\n\t<\/p>\n<\/div><div class=\"wpcf7-response-output\" aria-hidden=\"true\"><\/div>\n<\/form>\n<\/div>\n[\/vc_column][\/vc_row]<\/p>\n","protected":false},"excerpt":{"rendered":"<p>[vc_row][vc_column][vc_column_text css=&#8221;.vc_custom_1574336333104{margin-top: 0px !important;margin-bottom: 0px !important;padding-top: 0px !important;padding-bottom: 0px !important;}&#8221;] Medicine in England and Scotland Medicine in England and Scotland [\/vc_column_text][vc_column_text css_animation=&#8221;slideInUp&#8221; el_class=&#8221;custom-heading&#8221;]Anglia Vakf\u0131 bir\u00e7ok \u00f6\u011frenciyi \u0130ngiltere ve \u0130sko\u00e7ya&#8217;da t\u0131p e\u011fitimi almas\u0131 i\u00e7in g\u00f6nderdi. A\u015fa\u011f\u0131daki kurslar g\u00f6stermeliktir.[\/vc_column_text][\/vc_column][\/vc_row][vc_row][vc_column][vc_row_inner equal_height=&#8221;yes&#8221; gap=&#8221;25&#8243;][vc_column_inner width=&#8221;1\/4&#8243;][vc_images_carousel images=&#8221;2492,2491,2490&#8243; img_size=&#8221;medium&#8221; onclick=&#8221;link_no&#8221; speed=&#8221;3000&#8243; autoplay=&#8221;yes&#8221; wrap=&#8221;yes&#8221; css_animation=&#8221;slideInLeft&#8221;][\/vc_column_inner][vc_column_inner width=&#8221;3\/4&#8243;][vc_empty_space height=&#8221;50&#8243;][vc_column_text css_animation=&#8221;fadeIn&#8221;] T\u0131p, se\u00e7ebilece\u011finiz en zorlu ama [&hellip;]<\/p>\n","protected":false},"author":1,"featured_media":0,"parent":0,"menu_order":0,"comment_status":"closed","ping_status":"closed","template":"","meta":{"rank_math_lock_modified_date":false,"footnotes":""},"_links":{"self":[{"href":"https:\/\/anglia.gr\/tr\/wp-json\/wp\/v2\/pages\/4782"}],"collection":[{"href":"https:\/\/anglia.gr\/tr\/wp-json\/wp\/v2\/pages"}],"about":[{"href":"https:\/\/anglia.gr\/tr\/wp-json\/wp\/v2\/types\/page"}],"author":[{"embeddable":true,"href":"https:\/\/anglia.gr\/tr\/wp-json\/wp\/v2\/users\/1"}],"replies":[{"embeddable":true,"href":"https:\/\/anglia.gr\/tr\/wp-json\/wp\/v2\/comments?post=4782"}],"version-history":[{"count":2,"href":"https:\/\/anglia.gr\/tr\/wp-json\/wp\/v2\/pages\/4782\/revisions"}],"predecessor-version":[{"id":4784,"href":"https:\/\/anglia.gr\/tr\/wp-json\/wp\/v2\/pages\/4782\/revisions\/4784"}],"wp:attachment":[{"href":"https:\/\/anglia.gr\/tr\/wp-json\/wp\/v2\/media?parent=4782"}],"curies":[{"name":"wp","href":"https:\/\/api.w.org\/{rel}","templated":true}]}}