{"id":4812,"date":"2019-11-07T21:19:01","date_gmt":"2019-11-07T19:19:01","guid":{"rendered":"https:\/\/anglia.gr\/ielts-courses\/"},"modified":"2023-06-14T15:10:05","modified_gmt":"2023-06-14T12:10:05","slug":"ielts-courses","status":"publish","type":"page","link":"https:\/\/anglia.gr\/tr\/ielts-courses\/","title":{"rendered":"IELTS Kurslar\u0131"},"content":{"rendered":"<p>[vc_row][vc_column][vc_column_text css=&#8221;.vc_custom_1574409290389{margin-top: 0px !important;margin-bottom: 0px !important;padding-top: 0px !important;padding-bottom: 0px !important;}&#8221;]<\/p>\n<h2 style=\"display: none;\"><a href=\"http:\/\/studiesinuk.net\/el\/\" target=\"_blank\" rel=\"noopener\">IELTS Courses<\/a><\/h2>\n<p style=\"display: none;\"><a href=\"https:\/\/anglia.gr\/studying-in-uk\/\">IELTS Courses<img loading=\"lazy\" decoding=\"async\" class=\"alignnone size-medium wp-image-3071\" src=\"https:\/\/anglia.gr\/wp-content\/uploads\/2019\/11\/two-attractive-casual-student-girls-studying-Y4V5CZ6-300x200.jpg\" alt=\"IELTS Courses\" width=\"300\" height=\"200\" srcset=\"https:\/\/anglia.gr\/wp-content\/uploads\/2019\/11\/two-attractive-casual-student-girls-studying-Y4V5CZ6-300x200.jpg 300w, https:\/\/anglia.gr\/wp-content\/uploads\/2019\/11\/two-attractive-casual-student-girls-studying-Y4V5CZ6-768x512.jpg 768w, https:\/\/anglia.gr\/wp-content\/uploads\/2019\/11\/two-attractive-casual-student-girls-studying-Y4V5CZ6-1024x683.jpg 1024w, https:\/\/anglia.gr\/wp-content\/uploads\/2019\/11\/two-attractive-casual-student-girls-studying-Y4V5CZ6-600x400.jpg 600w\" sizes=\"(max-width: 300px) 100vw, 300px\" \/><\/a><\/p>\n<p>[\/vc_column_text][vc_empty_space height=&#8221;50&#8243;][\/vc_column][\/vc_row][vc_row css_animation=&#8221;slideInUp&#8221;][vc_column width=&#8221;1\/2&#8243;][vc_column_text]<\/p>\n<p style=\"text-align: justify;\"><span class=\"nicdark_font_size_70 nicdark_float_left nicdark_padding_28 nicdark_line_height_30 nicdark_first_font\"><strong>I<\/strong><\/span>ELTS kurslar\u0131, IELTS diplomas\u0131n\u0131 pahal\u0131 olmayan kolay bir \u015fekilde alman\u0131za yard\u0131mc\u0131 olur. International English Language Testing System diplomas\u0131, en pop\u00fcler \u0130ngilizce dil derecesidir. 2007&#8217;de, d\u00fcnyan\u0131n her yerinden yakla\u015f\u0131k 1 milyon aday, \u0130ngilizcelerini onaylamak i\u00e7in IELTS&#8217;i se\u00e7ti. bilgi.Yunanistan&#8217;da veya yurt d\u0131\u015f\u0131nda e\u011fitim veya kariyer pe\u015finde ko\u015fmak i\u00e7in IELTS, her aday i\u00e7in sonu\u00e7lar\u0131n\u0131n (13 g\u00fcn) an\u0131nda a\u00e7\u0131klanmas\u0131yla dil yeterlilik seviyesini onaylar.<\/p>\n<p>[\/vc_column_text][\/vc_column][vc_column width=&#8221;1\/2&#8243;][vc_column_text]<\/p>\n<p style=\"text-align: justify;\"><span class=\"nicdark_font_size_70 nicdark_float_left nicdark_padding_28 nicdark_line_height_30 nicdark_first_font\"><strong>I<\/strong><\/span>ELTS, yurtd\u0131\u015f\u0131ndaki bir\u00e7ok \u00fcniversitede lisans ve lisans\u00fcst\u00fc derslere kabul \u015fart\u0131d\u0131r ve baz\u0131 \u00fclkelerdeki yabanc\u0131lar taraf\u0131ndan \u0130ngilizce bilgi d\u00fczeylerini (M\u00fckemmel \u2013 \u00c7ok \u0130yi \u2013 \u0130yi) belgelendirmeleri istenir. Yunanistan&#8217;da okumak, \u00e7al\u0131\u015fmak veya ya\u015famak isteyen herkes i\u00e7in , B\u00fcy\u00fck Britanya, Avustralya veya yurtd\u0131\u015f\u0131nda ba\u015fka bir yerde, bu diploma \u0130ngilizce dili i\u00e7in bir dil yeterlilik sertifikas\u0131 sa\u011flar.<\/p>\n<p>[\/vc_column_text][\/vc_column][\/vc_row][vc_row][vc_column][vc_empty_space height=&#8221;60&#8243;][\/vc_column][\/vc_row][vc_row full_width=&#8221;stretch_row_content&#8221; content_placement=&#8221;middle&#8221; parallax=&#8221;content-moving&#8221; parallax_image=&#8221;1956&#8243; parallax_speed_bg=&#8221;3&#8243; css_animation=&#8221;fadeIn&#8221; css=&#8221;.vc_custom_1573236188764{padding-top: 30px !important;padding-bottom: 30px !important;}&#8221;][vc_column css_animation=&#8221;slideInUp&#8221; css=&#8221;.vc_custom_1573236324845{padding-bottom: 30px !important;background-color: rgba(10,10,10,0.5) !important;*background-color: rgb(10,10,10) !important;}&#8221;] <h2 style=\"color:#ffffff;padding:px;text-align:center;font-size:32px;line-height:px;letter-spacing: px;font-weight:bold\" class=\"  custom-subheading nd_options_first_font \">\u00c7evrimi\u00e7i IELTS Kurslar\u0131<\/h2> [\/vc_column][\/vc_row][vc_row][vc_column][vc_empty_space][\/vc_column][\/vc_row][vc_row css_animation=&#8221;none&#8221;][vc_column css_animation=&#8221;slideInUp&#8221; width=&#8221;2\/3&#8243;][vc_column_text]<\/p>\n<p style=\"text-align: justify;\">Yeti\u015fkinler i\u00e7in tam derece haz\u0131rl\u0131k kursumuz 45 saatlik bir kurstur ve bir ay i\u00e7inde 290 \u20ac maliyetle tamamlan\u0131r. IELTS kurslar\u0131na %20 e\u011fitim \u00fccreti indirimi ile uzaktan kat\u0131l\u0131m (\u00e7evrimi\u00e7i) yap\u0131labilir. Uzaktan kay\u0131t s\u00fcreci, aday\u0131n bir s\u0131n\u0131f se\u00e7mesiyle ba\u015flar. Bir kursa kat\u0131l\u0131m i\u00e7in rezervasyon yapt\u0131rmak ve ba\u015fvuruda bulunmak i\u00e7in 90 \u20ac \u00f6n \u00f6deme yap\u0131lmas\u0131 gerekir. Ayr\u0131ca, \u00f6\u011frenci s\u0131n\u0131fa kaydolur ve gerekli e\u011fitim materyallerini (kitap ve CD) kurye ile al\u0131r. IELTS kurslar\u0131 e\u011fitim materyalleri \u00fccretsiz olarak sa\u011flanmaktad\u0131r.<\/p>\n<p>[\/vc_column_text][\/vc_column][vc_column width=&#8221;1\/3&#8243;][vc_single_image image=&#8221;3105&#8243; img_size=&#8221;medium&#8221; css_animation=&#8221;slideInRight&#8221;][\/vc_column][\/vc_row][vc_row][vc_column][vc_empty_space height=&#8221;36&#8243;][\/vc_column][\/vc_row][vc_row css_animation=&#8221;none&#8221;][vc_column css_animation=&#8221;slideInUp&#8221; width=&#8221;2\/3&#8243;][vc_column_text]<\/p>\n<p style=\"text-align: justify;\">\u00d6\u011frenim \u00fccreti, avans d\u00fc\u015f\u00fclerek e\u011fitim materyalinin teslim al\u0131nmas\u0131yla birlikte \u00f6denir (Ayr\u0131nt\u0131l\u0131:290\u00d780%=230-90=140\u20ac). Ayr\u0131ca her ders i\u00e7in \u00f6\u011frencilere e-posta yoluyla bilgi verilir. ilgili materyal, al\u0131\u015ft\u0131rmalar, notlar vb. \u00d6\u011frenciler ayr\u0131ca haftal\u0131k testlere ger\u00e7ek zamanl\u0131 olarak eri\u015febilirler. Adaylar, herhangi bir d\u00fczeltme, yorum veya soru i\u00e7in sorumlu \u00f6\u011fretmenle s\u00fcrekli ileti\u015fim halindedir. sim\u00fclasyon testleri.<\/p>\n<p>[\/vc_column_text][\/vc_column][vc_column width=&#8221;1\/3&#8243;][vc_single_image image=&#8221;2790&#8243; img_size=&#8221;medium&#8221; css_animation=&#8221;slideInRight&#8221;][\/vc_column][\/vc_row][vc_row][vc_column css_animation=&#8221;fadeIn&#8221;][vc_column_text]<\/p>\n<div class=\"vc_row wpb_row vc_row-fluid\">\n<div class=\"wpb_column vc_column_container vc_col-sm-12\">\n<div class=\"vc_column-inner\">\n<div class=\"wpb_wrapper\">\n<div class=\"wpb_text_column wpb_content_element \">\n<div class=\"wpb_wrapper\">\n<p>IELTS derecesi, ASEP taraf\u0131ndan \u0130ngilizce yeterlilik sertifikas\u0131 olarak kabul edilmektedir. S\u0131navlara kat\u0131l\u0131m \u00fccreti 190 \u20ac&#8217;dur. Kullan\u0131lan derecelendirme \u00f6l\u00e7e\u011fi a\u015fa\u011f\u0131daki gibidir:<\/p><\/div>\n<\/div>\n<\/div>\n<\/div>\n<\/div>\n<\/div>\n<div class=\"vc_row wpb_row vc_row-fluid\">\n<div class=\"wpb_column vc_column_container vc_col-sm-12\">\n<div class=\"vc_column-inner\">\n<div class=\"wpb_wrapper\"><\/div>\n<\/div>\n<\/div>\n<\/div>\n<p>[\/vc_column_text][\/vc_column][\/vc_row][vc_row css_animation=&#8221;slideInUp&#8221;][vc_column][vc_row_inner][vc_column_inner width=&#8221;2\/4&#8243;] <p style=\"color:;padding:px;text-align:;font-size:px;line-height:px;letter-spacing: px;font-weight:bold\" class=\"   nd_options_first_font \">IELTS (puan)<\/p> [\/vc_column_inner][vc_column_inner width=&#8221;1\/4&#8243;] <p style=\"color:;padding:px;text-align:;font-size:px;line-height:px;letter-spacing: px;font-weight:bold\" class=\"   nd_options_first_font \">Bilgi<\/p> [\/vc_column_inner][vc_column_inner width=&#8221;1\/4&#8243;] <p style=\"color:;padding:px;text-align:;font-size:px;line-height:px;letter-spacing: px;font-weight:bold\" class=\"   nd_options_first_font \">Seviye<\/p> [\/vc_column_inner][\/vc_row_inner][vc_row_inner][vc_column_inner width=&#8221;2\/4&#8243;] <p style=\"color:;padding:px;text-align:;font-size:px;line-height:px;letter-spacing: px;font-weight:normal\" class=\"   nd_options_first_font \">4,5 \u2013 5,5<\/p> [\/vc_column_inner][vc_column_inner width=&#8221;1\/4&#8243;] <p style=\"color:;padding:px;text-align:;font-size:px;line-height:px;letter-spacing: px;font-weight:normal\" class=\"   nd_options_first_font \">Good<\/p> [\/vc_column_inner][vc_column_inner width=&#8221;1\/4&#8243;] <p style=\"color:;padding:px;text-align:;font-size:px;line-height:px;letter-spacing: px;font-weight:normal\" class=\"   nd_options_first_font \">B2<\/p> [\/vc_column_inner][\/vc_row_inner][vc_row_inner][vc_column_inner width=&#8221;2\/4&#8243;] <p style=\"color:;padding:px;text-align:;font-size:px;line-height:px;letter-spacing: px;font-weight:normal\" class=\"   nd_options_first_font \">6 \u2013 7<\/p> [\/vc_column_inner][vc_column_inner width=&#8221;1\/4&#8243;] <p style=\"color:;padding:px;text-align:;font-size:px;line-height:px;letter-spacing: px;font-weight:normal\" class=\"   nd_options_first_font \">Very good<\/p> [\/vc_column_inner][vc_column_inner width=&#8221;1\/4&#8243;] <p style=\"color:;padding:px;text-align:;font-size:px;line-height:px;letter-spacing: px;font-weight:normal\" class=\"   nd_options_first_font \">C1<\/p> [\/vc_column_inner][\/vc_row_inner][vc_row_inner][vc_column_inner width=&#8221;2\/4&#8243;] <p style=\"color:;padding:px;text-align:;font-size:px;line-height:px;letter-spacing: px;font-weight:normal\" class=\"   nd_options_first_font \">7,5 over<\/p> [\/vc_column_inner][vc_column_inner width=&#8221;1\/4&#8243;] <p style=\"color:;padding:px;text-align:;font-size:px;line-height:px;letter-spacing: px;font-weight:normal\" class=\"   nd_options_first_font \">Expert<\/p> [\/vc_column_inner][vc_column_inner width=&#8221;1\/4&#8243;] <p style=\"color:;padding:px;text-align:;font-size:px;line-height:px;letter-spacing: px;font-weight:normal\" class=\"   nd_options_first_font \">C2<\/p> [\/vc_column_inner][\/vc_row_inner][vc_column_text]<\/p>\n<div class=\"vc_row wpb_row vc_row-fluid\">\n<div class=\"wpb_column vc_column_container vc_col-sm-12\">\n<div class=\"vc_column-inner\">\n<div class=\"wpb_wrapper\">\n<div class=\"wpb_text_column wpb_content_element \">\n<div class=\"wpb_wrapper\">\n<p style=\"text-align: justify;\">S\u0131navlar \u015fu b\u00f6l\u00fcmleri i\u00e7erir: Okudu\u011funu anlama, Yazma becerileri, Dinledi\u011fini anlama ve Konu\u015fma. S\u0131navlar y\u0131l boyunca d\u00fczenli aral\u0131klarla (10-15 g\u00fcnde bir) Atina&#8217;da ve Yunanistan&#8217;\u0131n di\u011fer \u015fehirlerinde yap\u0131l\u0131r.<\/p>\n<\/div>\n<\/div>\n<\/div>\n<\/div>\n<\/div>\n<\/div>\n<div class=\"vc_row wpb_row vc_row-fluid\">\n<div class=\"wpb_column vc_column_container vc_col-sm-12\">\n<div class=\"vc_column-inner\">\n<div class=\"wpb_wrapper\"><\/div>\n<\/div>\n<\/div>\n<\/div>\n<p>[\/vc_column_text][\/vc_column][\/vc_row][vc_row full_width=&#8221;stretch_row&#8221; content_placement=&#8221;top&#8221; parallax=&#8221;content-moving&#8221; css_animation=&#8221;none&#8221; css=&#8221;.vc_custom_1572953296293{margin-top: 50px !important;margin-right: 0px !important;margin-bottom: 10px !important;margin-left: 0px !important;border-bottom-width: 0px !important;padding-right: 350px !important;padding-bottom: 60px !important;padding-left: 350px !important;background-color: #ffffff !important;}&#8221; el_class=&#8221;custom-form-row&#8221;][vc_column width=&#8221;1\/2&#8243; offset=&#8221;vc_col-xs-12&#8243;] <h2 style=\"color:#0a0a0a;padding:px;text-align:;font-size:50px;line-height:px;letter-spacing: px;font-weight:lighter\" class=\"  custom-heading nd_options_first_font \">\u00fccretsiz bilgi<\/h2> <div style=\"background-color:;height: 10px\" class=\"nicdark_section  \"><\/div> <h3 style=\"color:#0a0a0a;padding:px;text-align:;font-size:20px;line-height:px;letter-spacing: px;font-weight:normal\" class=\"  custom-subheading nd_options_first_font \">Yurt d\u0131\u015f\u0131 e\u011fitim ve di\u011fer hizmetler i\u00e7in<\/h3> [vc_row_inner content_placement=&#8221;middle&#8221; css=&#8221;.vc_custom_1572952345796{margin-top: 30px !important;margin-bottom: 0px !important;border-top-width: 1px !important;border-bottom-width: 0px !important;padding-bottom: 0px !important;background-color: #ffffff !important;border-top-color: #ffffff !important;border-bottom-color: #ffffff !important;}&#8221;][vc_column_inner css=&#8221;.vc_custom_1572863434289{padding-top: 0px !important;padding-bottom: 0px !important;}&#8221;]\n    <div style=\"text-align:center\" class=\"nd_options_section\">\n      <img decoding=\"async\" alt=\"\" style=\"width:100%\" class=\" nd_options_margin_0 nd_options_padding_0 \" src=\"https:\/\/anglia.gr\/wp-content\/uploads\/2019\/11\/contact_photo-1024x683.jpg\">\n    <\/div>\n   [\/vc_column_inner][\/vc_row_inner][\/vc_column][vc_column width=&#8221;1\/2&#8243; offset=&#8221;vc_col-xs-12&#8243;][vc_empty_space height=&#8221;80&#8243; el_class=&#8221;dis-mob-none&#8221;] <h3 style=\"color:;padding:px;text-align:;font-size:15px;line-height:px;letter-spacing: px;font-weight:bold\" class=\"   nd_options_first_font \">Daha fazla bilgi i\u00e7in l\u00fctfen a\u015fa\u011f\u0131daki formu doldurunuz.<\/h3> \n<div class=\"wpcf7 no-js\" id=\"wpcf7-f4589-o1\" lang=\"en-US\" dir=\"ltr\">\n<div class=\"screen-reader-response\"><p role=\"status\" aria-live=\"polite\" aria-atomic=\"true\"><\/p> <ul><\/ul><\/div>\n<form action=\"\/tr\/wp-json\/wp\/v2\/pages\/4812#wpcf7-f4589-o1\" method=\"post\" class=\"wpcf7-form init\" aria-label=\"Contact form\" novalidate=\"novalidate\" data-status=\"init\">\n<div style=\"display: none;\">\n<input type=\"hidden\" name=\"_wpcf7\" value=\"4589\" \/>\n<input type=\"hidden\" name=\"_wpcf7_version\" value=\"5.9.8\" \/>\n<input type=\"hidden\" name=\"_wpcf7_locale\" value=\"en_US\" \/>\n<input type=\"hidden\" name=\"_wpcf7_unit_tag\" value=\"wpcf7-f4589-o1\" \/>\n<input type=\"hidden\" name=\"_wpcf7_container_post\" value=\"0\" \/>\n<input type=\"hidden\" name=\"_wpcf7_posted_data_hash\" value=\"\" \/>\n<input type=\"hidden\" name=\"_wpcf7_recaptcha_response\" value=\"\" \/>\n<\/div>\n<div class=\"contact-form\">\n\t<p><span class=\"wpcf7-form-control-wrap\" data-name=\"name1\"><input size=\"40\" maxlength=\"400\" class=\"wpcf7-form-control wpcf7-text wpcf7-validates-as-required\" aria-required=\"true\" aria-invalid=\"false\" placeholder=\"\u0130sim\" value=\"\" type=\"text\" name=\"name1\" \/><\/span><span class=\"wpcf7-form-control-wrap\" data-name=\"surname\"><input size=\"40\" maxlength=\"400\" class=\"wpcf7-form-control wpcf7-text wpcf7-validates-as-required\" aria-required=\"true\" aria-invalid=\"false\" placeholder=\"Soyad\u0131\" value=\"\" type=\"text\" name=\"surname\" \/><\/span><span class=\"wpcf7-form-control-wrap\" data-name=\"email\"><input size=\"40\" maxlength=\"400\" class=\"wpcf7-form-control wpcf7-email wpcf7-validates-as-required wpcf7-text wpcf7-validates-as-email\" aria-required=\"true\" aria-invalid=\"false\" placeholder=\"Email\" value=\"\" type=\"email\" name=\"email\" \/><\/span><span class=\"wpcf7-form-control-wrap\" data-name=\"subject\"><input size=\"40\" maxlength=\"400\" class=\"wpcf7-form-control wpcf7-text wpcf7-validates-as-required\" aria-required=\"true\" aria-invalid=\"false\" placeholder=\"Ders\" value=\"\" type=\"text\" name=\"subject\" \/><\/span><span class=\"wpcf7-form-control-wrap\" data-name=\"message\"><textarea cols=\"40\" rows=\"4\" maxlength=\"2000\" class=\"wpcf7-form-control wpcf7-textarea wpcf7-validates-as-required\" aria-required=\"true\" aria-invalid=\"false\" placeholder=\"\u0130leti\" name=\"message\"><\/textarea><\/span><input class=\"wpcf7-form-control wpcf7-submit has-spinner\" type=\"submit\" value=\"G\u00f6ndermek\" \/>\n\t<\/p>\n<\/div><div class=\"wpcf7-response-output\" aria-hidden=\"true\"><\/div>\n<\/form>\n<\/div>\n[\/vc_column][\/vc_row]<\/p>\n","protected":false},"excerpt":{"rendered":"<p>[vc_row][vc_column][vc_column_text css=&#8221;.vc_custom_1574409290389{margin-top: 0px !important;margin-bottom: 0px !important;padding-top: 0px !important;padding-bottom: 0px !important;}&#8221;] IELTS Courses IELTS Courses [\/vc_column_text][vc_empty_space height=&#8221;50&#8243;][\/vc_column][\/vc_row][vc_row css_animation=&#8221;slideInUp&#8221;][vc_column width=&#8221;1\/2&#8243;][vc_column_text] IELTS kurslar\u0131, IELTS diplomas\u0131n\u0131 pahal\u0131 olmayan kolay bir \u015fekilde alman\u0131za yard\u0131mc\u0131 olur. International English Language Testing System diplomas\u0131, en pop\u00fcler \u0130ngilizce dil derecesidir. 2007&#8217;de, d\u00fcnyan\u0131n her yerinden yakla\u015f\u0131k 1 milyon aday, \u0130ngilizcelerini onaylamak i\u00e7in IELTS&#8217;i se\u00e7ti. bilgi.Yunanistan&#8217;da [&hellip;]<\/p>\n","protected":false},"author":1,"featured_media":0,"parent":0,"menu_order":0,"comment_status":"closed","ping_status":"closed","template":"","meta":{"rank_math_lock_modified_date":false,"footnotes":""},"_links":{"self":[{"href":"https:\/\/anglia.gr\/tr\/wp-json\/wp\/v2\/pages\/4812"}],"collection":[{"href":"https:\/\/anglia.gr\/tr\/wp-json\/wp\/v2\/pages"}],"about":[{"href":"https:\/\/anglia.gr\/tr\/wp-json\/wp\/v2\/types\/page"}],"author":[{"embeddable":true,"href":"https:\/\/anglia.gr\/tr\/wp-json\/wp\/v2\/users\/1"}],"replies":[{"embeddable":true,"href":"https:\/\/anglia.gr\/tr\/wp-json\/wp\/v2\/comments?post=4812"}],"version-history":[{"count":3,"href":"https:\/\/anglia.gr\/tr\/wp-json\/wp\/v2\/pages\/4812\/revisions"}],"predecessor-version":[{"id":4815,"href":"https:\/\/anglia.gr\/tr\/wp-json\/wp\/v2\/pages\/4812\/revisions\/4815"}],"wp:attachment":[{"href":"https:\/\/anglia.gr\/tr\/wp-json\/wp\/v2\/media?parent=4812"}],"curies":[{"name":"wp","href":"https:\/\/api.w.org\/{rel}","templated":true}]}}