{"id":4833,"date":"2019-10-26T12:52:20","date_gmt":"2019-10-26T09:52:20","guid":{"rendered":"https:\/\/anglia.gr\/study-computer-science-in-the-uk\/"},"modified":"2023-06-15T12:46:15","modified_gmt":"2023-06-15T09:46:15","slug":"study-computer-science-in-the-uk","status":"publish","type":"page","link":"https:\/\/anglia.gr\/tr\/study-computer-science-in-the-uk\/","title":{"rendered":"\u0130ngiltere&#8217;de Bilgisayar Bilimi E\u011fitimi Al\u0131n"},"content":{"rendered":"<p>[vc_row][vc_column css_animation=&#8221;slideInUp&#8221;][vc_column_text css=&#8221;.vc_custom_1574335891510{margin-top: 0px !important;margin-bottom: 0px !important;padding-top: 0px !important;padding-bottom: 0px !important;}&#8221;]<\/p>\n<h2 style=\"display: none;\"><a href=\"http:\/\/studiesinuk.net\/el\/\" target=\"_blank\" rel=\"noopener\">Study Computer Science in the UK<\/a><\/h2>\n<p style=\"display: none;\"><a href=\"https:\/\/anglia.gr\/studying-in-uk\/\">Study Computer Science in the UK<img loading=\"lazy\" decoding=\"async\" class=\"alignnone size-medium wp-image-3071\" src=\"https:\/\/anglia.gr\/wp-content\/uploads\/2019\/11\/two-attractive-casual-student-girls-studying-Y4V5CZ6-300x200.jpg\" alt=\"Study Computer Science in the UK\" width=\"300\" height=\"200\" srcset=\"https:\/\/anglia.gr\/wp-content\/uploads\/2019\/11\/two-attractive-casual-student-girls-studying-Y4V5CZ6-300x200.jpg 300w, https:\/\/anglia.gr\/wp-content\/uploads\/2019\/11\/two-attractive-casual-student-girls-studying-Y4V5CZ6-768x512.jpg 768w, https:\/\/anglia.gr\/wp-content\/uploads\/2019\/11\/two-attractive-casual-student-girls-studying-Y4V5CZ6-1024x683.jpg 1024w, https:\/\/anglia.gr\/wp-content\/uploads\/2019\/11\/two-attractive-casual-student-girls-studying-Y4V5CZ6-600x400.jpg 600w\" sizes=\"(max-width: 300px) 100vw, 300px\" \/><\/a><\/p>\n<p>[\/vc_column_text][vc_column_text css_animation=&#8221;slideInUp&#8221; el_class=&#8221;custom-heading&#8221;]<\/p>\n<div class=\"nd_options_section nd_options_padding_15 nd_options_box_sizing_border_box\">\n<h2 class=\" custom-heading nd_options_first_font \"><strong>Anglia Vakf\u0131, \u00f6\u011frencileri a\u015fa\u011f\u0131daki bilgisayar bilimi derslerini almalar\u0131 i\u00e7in \u0130ngiltere&#8217;ye g\u00f6nderdi:<\/strong><\/h2>\n<\/div>\n<p>[\/vc_column_text]<div style=\"background-color:;height: 30px\" class=\"nicdark_section  \"><\/div>[\/vc_column][\/vc_row][vc_row][vc_column][vc_row_inner equal_height=&#8221;yes&#8221; gap=&#8221;25&#8243;][vc_column_inner width=&#8221;1\/4&#8243;] <h3 style=\"color:;padding:px;text-align:;font-size:px;line-height:px;letter-spacing: px;font-weight:bold\" class=\"  custom-subheading nd_options_first_font \">-Oxford \u00dcniversitesi'nde<\/h3> <div style=\"background-color:;height: 20px\" class=\"nicdark_section  \"><\/div>[vc_images_carousel images=&#8221;2554,2555,2556&#8243; img_size=&#8221;medium&#8221; onclick=&#8221;link_no&#8221; speed=&#8221;3000&#8243; autoplay=&#8221;yes&#8221; wrap=&#8221;yes&#8221; css_animation=&#8221;slideInLeft&#8221;][\/vc_column_inner][vc_column_inner width=&#8221;3\/4&#8243;][vc_empty_space height=&#8221;30&#8243;][vc_column_text css_animation=&#8221;fadeIn&#8221;]<\/p>\n<p style=\"text-align: justify;\">Bilgisayar Bilimi, bilgi i\u015flemin hayat\u0131m\u0131za nas\u0131l uydu\u011funu analiz etmeye ve anlamaya \u00e7al\u0131\u015fan ve giderek teknolojiye ba\u011f\u0131ml\u0131 hale gelen d\u00fcnyam\u0131z\u0131n gelece\u011fini etkilemek isteyen ki\u015filer i\u00e7indir. Bilgisayar Bilimi, bilgisayar sistemlerini ve a\u011flar\u0131n\u0131 derinlemesine anlamakla ilgilidir.<\/p>\n<p style=\"text-align: justify;\">Oxford&#8217;daki kurs, teori ve pratik aras\u0131nda ba\u011flant\u0131lar kurmaya odaklan\u0131r. \u00c7ok \u00e7e\u015fitli yaz\u0131l\u0131m ve donan\u0131m teknolojilerini ve bunlar\u0131n uygulamalar\u0131n\u0131 kapsar. \u00d6\u011frencileri, bilgi i\u015flem ve ilgili mesleklerin gelecekteki liderlerinin ihtiya\u00e7 duydu\u011fu temel anlay\u0131\u015f ve pratik becerilerle donatmak i\u00e7in tasarlanm\u0131\u015ft\u0131r. Derecesi boyunca, hem bilimsel hesaplama gibi uygulamalar i\u00e7in hem de programlar\u0131n ve bilgisayar sistemlerinin \u00f6zellikleri ve davran\u0131\u015flar\u0131 hakk\u0131nda titizlikle ak\u0131l y\u00fcr\u00fctme i\u00e7in matematiksel fikirlerin sa\u011flam bir anlay\u0131\u015f\u0131n\u0131 geli\u015ftireceksiniz. Ayr\u0131ca pratik problem \u00e7\u00f6zme ve program tasarlama becerileri kazanacaks\u0131n\u0131z; Kurstaki konular\u0131n \u00e7o\u011fu, iyi donan\u0131ml\u0131 laboratuvar\u0131m\u0131zdaki uygulamal\u0131 \u00e7al\u0131\u015fmalarla ba\u011flant\u0131l\u0131d\u0131r.<\/p>\n<p>[\/vc_column_text][\/vc_column_inner][\/vc_row_inner][\/vc_column][\/vc_row][vc_row][vc_column][vc_row_inner equal_height=&#8221;yes&#8221; gap=&#8221;25&#8243;][vc_column_inner width=&#8221;1\/4&#8243;] <h3 style=\"color:;padding:px;text-align:;font-size:px;line-height:px;letter-spacing: px;font-weight:bold\" class=\"  custom-subheading nd_options_first_font \">-Birmingham \u00dcniversitesi'nde<\/h3> <div style=\"background-color:;height: 20px\" class=\"nicdark_section  \"><\/div>[vc_images_carousel images=&#8221;2557,2558,2559&#8243; img_size=&#8221;medium&#8221; onclick=&#8221;link_no&#8221; speed=&#8221;3000&#8243; autoplay=&#8221;yes&#8221; wrap=&#8221;yes&#8221; css_animation=&#8221;slideInLeft&#8221;][\/vc_column_inner][vc_column_inner width=&#8221;3\/4&#8243;][vc_empty_space height=&#8221;50&#8243;][vc_column_text css_animation=&#8221;fadeIn&#8221;]<\/p>\n<p style=\"text-align: justify;\">Bilgisayar Bilimi dinamik bir disiplindir. Bir avu\u00e7 akademisyenin merak\u0131 ile ba\u015flayan s\u00fcre\u00e7, hayat\u0131m\u0131za y\u00f6n veren \u00f6nc\u00fclerin \u00e7o\u011funu hayrete d\u00fc\u015f\u00fcrecek bir alana d\u00f6n\u00fc\u015ft\u00fc. Son 50 y\u0131lda bilgisayarlar hemen hemen her alanda \u00e7ok say\u0131da ilerlemeye katk\u0131da bulundu ve Bilgisayar Bilimi art\u0131k g\u00fcn\u00fcm\u00fcz d\u00fcnyas\u0131n\u0131n kalbinde yer alan bilgi i\u015fleme ve ileti\u015fim sistemlerinin temellerini sa\u011fl\u0131yor. Bilgi i\u015flem ve ileti\u015fim teknolojilerindeki gelecekteki de\u011fi\u015fiklikler, bu bilimdeki geli\u015fmelere ba\u011fl\u0131 olacak ve ilerleme h\u0131z\u0131 yava\u015flama belirtisi g\u00f6stermiyor. Bu kurs s\u0131ras\u0131nda, hesaplama sistemlerinin teorisi, tasar\u0131m\u0131, geli\u015ftirilmesi ve uygulanmas\u0131n\u0131 hem teorik hem de pratik bir bak\u0131\u015f a\u00e7\u0131s\u0131yla \u00f6\u011freneceksiniz. Kurs, programlama dilleri, yaz\u0131l\u0131m m\u00fchendisli\u011fi, yapay zeka, i\u015fletim sistemleri, veritabanlar\u0131, do\u011fadan ilham alan hesaplama, e\u015fzamanl\u0131 hesaplama, robotik ve hesaplama teorisinin yan\u0131 s\u0131ra kurs boyunca g\u00fc\u00e7l\u00fc bir pratik programlama \u00f6\u011fesinin derinlemesine ele al\u0131nmas\u0131n\u0131 i\u00e7erir. Derece, matematik, m\u00fchendislik, dilbilim ve psikoloji gibi \u00e7ok \u00e7e\u015fitli alanlardan kavramlar\u0131 i\u00e7erir.<\/p>\n<p>[\/vc_column_text][\/vc_column_inner][\/vc_row_inner][\/vc_column][\/vc_row][vc_row full_width=&#8221;stretch_row&#8221; content_placement=&#8221;top&#8221; parallax=&#8221;content-moving&#8221; css_animation=&#8221;none&#8221; css=&#8221;.vc_custom_1572953296293{margin-top: 50px !important;margin-right: 0px !important;margin-bottom: 10px !important;margin-left: 0px !important;border-bottom-width: 0px !important;padding-right: 350px !important;padding-bottom: 60px !important;padding-left: 350px !important;background-color: #ffffff !important;}&#8221; el_class=&#8221;custom-form-row&#8221;][vc_column width=&#8221;1\/2&#8243; offset=&#8221;vc_col-xs-12&#8243;] <h2 style=\"color:#0a0a0a;padding:px;text-align:;font-size:50px;line-height:px;letter-spacing: px;font-weight:lighter\" class=\"  custom-heading nd_options_first_font \">\u00fccretsiz bilgi<\/h2> <div style=\"background-color:;height: 10px\" class=\"nicdark_section  \"><\/div> <h3 style=\"color:#0a0a0a;padding:px;text-align:;font-size:20px;line-height:px;letter-spacing: px;font-weight:normal\" class=\"  custom-subheading nd_options_first_font \">Yurt d\u0131\u015f\u0131 e\u011fitim ve di\u011fer hizmetler i\u00e7in<\/h3> [vc_row_inner content_placement=&#8221;middle&#8221; css=&#8221;.vc_custom_1572952345796{margin-top: 30px !important;margin-bottom: 0px !important;border-top-width: 1px !important;border-bottom-width: 0px !important;padding-bottom: 0px !important;background-color: #ffffff !important;border-top-color: #ffffff !important;border-bottom-color: #ffffff !important;}&#8221;][vc_column_inner css=&#8221;.vc_custom_1572863434289{padding-top: 0px !important;padding-bottom: 0px !important;}&#8221;]\n    <div style=\"text-align:center\" class=\"nd_options_section\">\n      <img decoding=\"async\" alt=\"\" style=\"width:100%\" class=\" nd_options_margin_0 nd_options_padding_0 \" src=\"https:\/\/anglia.gr\/wp-content\/uploads\/2019\/11\/contact_photo-1024x683.jpg\">\n    <\/div>\n   [\/vc_column_inner][\/vc_row_inner][\/vc_column][vc_column width=&#8221;1\/2&#8243; offset=&#8221;vc_col-xs-12&#8243;][vc_empty_space height=&#8221;80&#8243; el_class=&#8221;dis-mob-none&#8221;] <h3 style=\"color:;padding:px;text-align:;font-size:15px;line-height:px;letter-spacing: px;font-weight:bold\" class=\"   nd_options_first_font \">Daha fazla bilgi i\u00e7in l\u00fctfen a\u015fa\u011f\u0131daki formu doldurunuz.<\/h3> \n<div class=\"wpcf7 no-js\" id=\"wpcf7-f4589-o1\" lang=\"en-US\" dir=\"ltr\">\n<div class=\"screen-reader-response\"><p role=\"status\" aria-live=\"polite\" aria-atomic=\"true\"><\/p> <ul><\/ul><\/div>\n<form action=\"\/tr\/wp-json\/wp\/v2\/pages\/4833#wpcf7-f4589-o1\" method=\"post\" class=\"wpcf7-form init\" aria-label=\"Contact form\" novalidate=\"novalidate\" data-status=\"init\">\n<div style=\"display: none;\">\n<input type=\"hidden\" name=\"_wpcf7\" value=\"4589\" \/>\n<input type=\"hidden\" name=\"_wpcf7_version\" value=\"5.9.8\" \/>\n<input type=\"hidden\" name=\"_wpcf7_locale\" value=\"en_US\" \/>\n<input type=\"hidden\" name=\"_wpcf7_unit_tag\" value=\"wpcf7-f4589-o1\" \/>\n<input type=\"hidden\" name=\"_wpcf7_container_post\" value=\"0\" \/>\n<input type=\"hidden\" name=\"_wpcf7_posted_data_hash\" value=\"\" \/>\n<input type=\"hidden\" name=\"_wpcf7_recaptcha_response\" value=\"\" \/>\n<\/div>\n<div class=\"contact-form\">\n\t<p><span class=\"wpcf7-form-control-wrap\" data-name=\"name1\"><input size=\"40\" maxlength=\"400\" class=\"wpcf7-form-control wpcf7-text wpcf7-validates-as-required\" aria-required=\"true\" aria-invalid=\"false\" placeholder=\"\u0130sim\" value=\"\" type=\"text\" name=\"name1\" \/><\/span><span class=\"wpcf7-form-control-wrap\" data-name=\"surname\"><input size=\"40\" maxlength=\"400\" class=\"wpcf7-form-control wpcf7-text wpcf7-validates-as-required\" aria-required=\"true\" aria-invalid=\"false\" placeholder=\"Soyad\u0131\" value=\"\" type=\"text\" name=\"surname\" \/><\/span><span class=\"wpcf7-form-control-wrap\" data-name=\"email\"><input size=\"40\" maxlength=\"400\" class=\"wpcf7-form-control wpcf7-email wpcf7-validates-as-required wpcf7-text wpcf7-validates-as-email\" aria-required=\"true\" aria-invalid=\"false\" placeholder=\"Email\" value=\"\" type=\"email\" name=\"email\" \/><\/span><span class=\"wpcf7-form-control-wrap\" data-name=\"subject\"><input size=\"40\" maxlength=\"400\" class=\"wpcf7-form-control wpcf7-text wpcf7-validates-as-required\" aria-required=\"true\" aria-invalid=\"false\" placeholder=\"Ders\" value=\"\" type=\"text\" name=\"subject\" \/><\/span><span class=\"wpcf7-form-control-wrap\" data-name=\"message\"><textarea cols=\"40\" rows=\"4\" maxlength=\"2000\" class=\"wpcf7-form-control wpcf7-textarea wpcf7-validates-as-required\" aria-required=\"true\" aria-invalid=\"false\" placeholder=\"\u0130leti\" name=\"message\"><\/textarea><\/span><input class=\"wpcf7-form-control wpcf7-submit has-spinner\" type=\"submit\" value=\"G\u00f6ndermek\" \/>\n\t<\/p>\n<\/div><div class=\"wpcf7-response-output\" aria-hidden=\"true\"><\/div>\n<\/form>\n<\/div>\n[\/vc_column][\/vc_row]<\/p>\n","protected":false},"excerpt":{"rendered":"<p>[vc_row][vc_column css_animation=&#8221;slideInUp&#8221;][vc_column_text css=&#8221;.vc_custom_1574335891510{margin-top: 0px !important;margin-bottom: 0px !important;padding-top: 0px !important;padding-bottom: 0px !important;}&#8221;] Study Computer Science in the UK Study Computer Science in the UK [\/vc_column_text][vc_column_text css_animation=&#8221;slideInUp&#8221; el_class=&#8221;custom-heading&#8221;] Anglia Vakf\u0131, \u00f6\u011frencileri a\u015fa\u011f\u0131daki bilgisayar bilimi derslerini almalar\u0131 i\u00e7in \u0130ngiltere&#8217;ye g\u00f6nderdi: [\/vc_column_text][\/vc_column][\/vc_row][vc_row][vc_column][vc_row_inner equal_height=&#8221;yes&#8221; gap=&#8221;25&#8243;][vc_column_inner width=&#8221;1\/4&#8243;][vc_images_carousel images=&#8221;2554,2555,2556&#8243; img_size=&#8221;medium&#8221; onclick=&#8221;link_no&#8221; speed=&#8221;3000&#8243; autoplay=&#8221;yes&#8221; wrap=&#8221;yes&#8221; css_animation=&#8221;slideInLeft&#8221;][\/vc_column_inner][vc_column_inner width=&#8221;3\/4&#8243;][vc_empty_space height=&#8221;30&#8243;][vc_column_text css_animation=&#8221;fadeIn&#8221;] Bilgisayar Bilimi, bilgi i\u015flemin [&hellip;]<\/p>\n","protected":false},"author":1,"featured_media":0,"parent":0,"menu_order":0,"comment_status":"closed","ping_status":"closed","template":"","meta":{"rank_math_lock_modified_date":false,"footnotes":""},"_links":{"self":[{"href":"https:\/\/anglia.gr\/tr\/wp-json\/wp\/v2\/pages\/4833"}],"collection":[{"href":"https:\/\/anglia.gr\/tr\/wp-json\/wp\/v2\/pages"}],"about":[{"href":"https:\/\/anglia.gr\/tr\/wp-json\/wp\/v2\/types\/page"}],"author":[{"embeddable":true,"href":"https:\/\/anglia.gr\/tr\/wp-json\/wp\/v2\/users\/1"}],"replies":[{"embeddable":true,"href":"https:\/\/anglia.gr\/tr\/wp-json\/wp\/v2\/comments?post=4833"}],"version-history":[{"count":2,"href":"https:\/\/anglia.gr\/tr\/wp-json\/wp\/v2\/pages\/4833\/revisions"}],"predecessor-version":[{"id":4834,"href":"https:\/\/anglia.gr\/tr\/wp-json\/wp\/v2\/pages\/4833\/revisions\/4834"}],"wp:attachment":[{"href":"https:\/\/anglia.gr\/tr\/wp-json\/wp\/v2\/media?parent=4833"}],"curies":[{"name":"wp","href":"https:\/\/api.w.org\/{rel}","templated":true}]}}