{"id":4837,"date":"2019-10-26T12:02:26","date_gmt":"2019-10-26T09:02:26","guid":{"rendered":"https:\/\/anglia.gr\/study-economics-in-the-uk\/"},"modified":"2023-06-15T12:51:38","modified_gmt":"2023-06-15T09:51:38","slug":"study-economics-in-the-uk","status":"publish","type":"page","link":"https:\/\/anglia.gr\/tr\/study-economics-in-the-uk\/","title":{"rendered":"Birle\u015fik Krall\u0131k&#8217;ta Ekonomi E\u011fitimi Al\u0131n"},"content":{"rendered":"<p>[vc_row][vc_column][vc_column_text css_animation=&#8221;slideInUp&#8221; el_class=&#8221;custom-heading&#8221;]<\/p>\n<h2 class=\" custom-heading nd_options_first_font \">Anglia Vakf\u0131, \u00f6\u011frencileri a\u015fa\u011f\u0131daki kurslar\u0131 almalar\u0131 i\u00e7in \u0130ngiltere&#8217;ye g\u00f6nderdi:<\/h2>\n<p>[\/vc_column_text]<div style=\"background-color:;height: 30px\" class=\"nicdark_section  \"><\/div>[\/vc_column][\/vc_row][vc_row][vc_column][vc_row_inner equal_height=&#8221;yes&#8221; gap=&#8221;25&#8243;][vc_column_inner width=&#8221;1\/4&#8243;] <h3 style=\"color:;padding:px;text-align:;font-size:px;line-height:px;letter-spacing: px;font-weight:bold\" class=\"  custom-subheading nd_options_first_font \">-Londra Ekonomi ve Siyaset Bilimi Okulu'nda<\/h3> <div style=\"background-color:;height: 20px\" class=\"nicdark_section  \"><\/div>[vc_images_carousel images=&#8221;2532,2533,2534&#8243; img_size=&#8221;medium&#8221; onclick=&#8221;link_no&#8221; speed=&#8221;3000&#8243; autoplay=&#8221;yes&#8221; wrap=&#8221;yes&#8221; css_animation=&#8221;slideInLeft&#8221;][\/vc_column_inner][vc_column_inner width=&#8221;3\/4&#8243;][vc_empty_space height=&#8221;70&#8243;][vc_column_text css_animation=&#8221;fadeIn&#8221;]<\/p>\n<p style=\"text-align: justify;\">Ekonomi Departman\u0131, ekonomi ve ekonometri alan\u0131ndaki yay\u0131nlanm\u0131\u015f ara\u015ft\u0131rmalar\u0131 nedeniyle ABD d\u0131\u015f\u0131nda d\u00fczenli olarak bir numarad\u0131r ve 2008&#8217;de ulusal Ara\u015ft\u0131rma De\u011ferlendirme Al\u0131\u015ft\u0131rmas\u0131, LSE Ekonomisini herhangi bir ana disiplinde en iyi tek departman olarak de\u011ferlendirmi\u015ftir. B\u00f6l\u00fcmde bir lisans \u00f6\u011frencisi olarak, alanlar\u0131n\u0131n en ileri d\u00fczeydeki iktisat\u00e7\u0131lar\u0131ndan \u00f6\u011frenme \u015fans\u0131na sahip olacaks\u0131n\u0131z.<\/p>\n<p style=\"text-align: justify;\">LSE&#8217;deki ekonomi programlar\u0131, \u00f6\u011frencilere ekonominin analitik y\u00f6ntemlerinde kapsaml\u0131 bir temel sa\u011flamay\u0131 ve bu y\u00f6ntemleri hem mikroekonomik hem de makroekonomik \u00e7e\u015fitli sorunlara uygulama, karma\u015f\u0131k arg\u00fcmanlar\u0131 analiz etme ve olu\u015fturma ve bunlar\u0131 iletme becerilerini geli\u015ftirmeyi ama\u00e7lar. etkili bir \u015fekilde.<\/p>\n<p style=\"text-align: justify;\">BSc Ekonomi program\u0131, ekonomi disiplininin \u00e7ok y\u00f6nl\u00fc bir kapsam\u0131n\u0131 sa\u011flar.<\/p>\n<p>[\/vc_column_text][\/vc_column_inner][\/vc_row_inner][\/vc_column][\/vc_row][vc_row][vc_column][vc_row_inner equal_height=&#8221;yes&#8221; gap=&#8221;25&#8243;][vc_column_inner width=&#8221;1\/4&#8243;] <h3 style=\"color:;padding:px;text-align:;font-size:px;line-height:px;letter-spacing: px;font-weight:bold\" class=\"  custom-subheading nd_options_first_font \">-Glasgow \u00dcniversitesi'nde<\/h3> <div style=\"background-color:;height: 20px\" class=\"nicdark_section  \"><\/div>[vc_images_carousel images=&#8221;2535,2536,2537&#8243; img_size=&#8221;medium&#8221; onclick=&#8221;link_no&#8221; speed=&#8221;3000&#8243; autoplay=&#8221;yes&#8221; wrap=&#8221;yes&#8221; css_animation=&#8221;slideInLeft&#8221;][\/vc_column_inner][vc_column_inner width=&#8221;3\/4&#8243;][vc_empty_space height=&#8221;50&#8243;][vc_column_text css_animation=&#8221;fadeIn&#8221;]<\/p>\n<p style=\"text-align: justify;\">Ekonomi okurken, k\u0131t kaynaklar\u0131n nas\u0131l kullan\u0131ld\u0131\u011f\u0131, hangi \u00fcr\u00fcnlerin \u00fcretildi\u011fi ve bunlar\u0131 kimin t\u00fcketece\u011fi konusunda bireylerin ve toplumun nas\u0131l se\u00e7imler yapt\u0131\u011f\u0131n\u0131 \u00f6\u011freneceksiniz. Bu se\u00e7imler maliyetlerin, faydalar\u0131n, risklerin ve ba\u015fkalar\u0131 \u00fczerindeki etkilerin de\u011ferlendirilmesine ba\u011fl\u0131d\u0131r. Bu se\u00e7imleri etkileyen k\u0131s\u0131tlamalar \u00e7oktur ve gelir, teknoloji, do\u011fal kaynaklar ve zaman\u0131 i\u00e7erir.<\/p>\n<ul style=\"text-align: justify;\">\n<li>90% of the Economics graduates are in work or further study (Unistats 2010).<\/li>\n<li>En son ba\u011f\u0131ms\u0131z ara\u015ft\u0131rma kalitesi anketinde (RAE 2008), bu alanda ara\u015ft\u0131rma i\u00e7in \u0130sko\u00e7ya&#8217;da en \u00fcst s\u0131rada yer alan en iyi ara\u015ft\u0131rmac\u0131lardan baz\u0131lar\u0131 taraf\u0131ndan e\u011fitileceksiniz.<\/li>\n<\/ul>\n<p style=\"text-align: justify;\">T\u00fcm \u00f6\u011frenciler mikroekonomi ve makroekonomi ilkelerini \u00f6\u011frenirler, ancak programlar\u0131m\u0131zda da bir\u00e7ok se\u00e7enek vard\u0131r. Devlet politikas\u0131, geli\u015fmekte olan \u00fclkeler, i\u015f ekonomisi ve uluslararas\u0131 ticaret ve finans gibi alanlara ilgi duyma f\u0131rsat\u0131 bulacaks\u0131n\u0131z.<\/p>\n<p>[\/vc_column_text][\/vc_column_inner][\/vc_row_inner][\/vc_column][\/vc_row][vc_row full_width=&#8221;stretch_row&#8221; content_placement=&#8221;top&#8221; parallax=&#8221;content-moving&#8221; css_animation=&#8221;none&#8221; css=&#8221;.vc_custom_1572953296293{margin-top: 50px !important;margin-right: 0px !important;margin-bottom: 10px !important;margin-left: 0px !important;border-bottom-width: 0px !important;padding-right: 350px !important;padding-bottom: 60px !important;padding-left: 350px !important;background-color: #ffffff !important;}&#8221; el_class=&#8221;custom-form-row&#8221;][vc_column width=&#8221;1\/2&#8243; offset=&#8221;vc_col-xs-12&#8243;] <h2 style=\"color:#0a0a0a;padding:px;text-align:;font-size:50px;line-height:px;letter-spacing: px;font-weight:lighter\" class=\"  custom-heading nd_options_first_font \">\u00fccretsiz bilgi<\/h2> <div style=\"background-color:;height: 10px\" class=\"nicdark_section  \"><\/div> <h3 style=\"color:#0a0a0a;padding:px;text-align:;font-size:20px;line-height:px;letter-spacing: px;font-weight:normal\" class=\"  custom-subheading nd_options_first_font \">Yurt d\u0131\u015f\u0131 e\u011fitim ve di\u011fer hizmetler i\u00e7in<\/h3> [vc_row_inner content_placement=&#8221;middle&#8221; css=&#8221;.vc_custom_1572952345796{margin-top: 30px !important;margin-bottom: 0px !important;border-top-width: 1px !important;border-bottom-width: 0px !important;padding-bottom: 0px !important;background-color: #ffffff !important;border-top-color: #ffffff !important;border-bottom-color: #ffffff !important;}&#8221;][vc_column_inner css=&#8221;.vc_custom_1572863434289{padding-top: 0px !important;padding-bottom: 0px !important;}&#8221;]\n    <div style=\"text-align:center\" class=\"nd_options_section\">\n      <img decoding=\"async\" alt=\"\" style=\"width:100%\" class=\" nd_options_margin_0 nd_options_padding_0 \" src=\"https:\/\/anglia.gr\/wp-content\/uploads\/2019\/11\/contact_photo-1024x683.jpg\">\n    <\/div>\n   [\/vc_column_inner][\/vc_row_inner][\/vc_column][vc_column width=&#8221;1\/2&#8243; offset=&#8221;vc_col-xs-12&#8243;][vc_empty_space height=&#8221;80&#8243; el_class=&#8221;dis-mob-none&#8221;] <h3 style=\"color:;padding:px;text-align:;font-size:15px;line-height:px;letter-spacing: px;font-weight:bold\" class=\"   nd_options_first_font \">Daha fazla bilgi i\u00e7in l\u00fctfen a\u015fa\u011f\u0131daki formu doldurunuz.<\/h3> \n<div class=\"wpcf7 no-js\" id=\"wpcf7-f4589-o1\" lang=\"en-US\" dir=\"ltr\">\n<div class=\"screen-reader-response\"><p role=\"status\" aria-live=\"polite\" aria-atomic=\"true\"><\/p> <ul><\/ul><\/div>\n<form action=\"\/tr\/wp-json\/wp\/v2\/pages\/4837#wpcf7-f4589-o1\" method=\"post\" class=\"wpcf7-form init\" aria-label=\"Contact form\" novalidate=\"novalidate\" data-status=\"init\">\n<div style=\"display: none;\">\n<input type=\"hidden\" name=\"_wpcf7\" value=\"4589\" \/>\n<input type=\"hidden\" name=\"_wpcf7_version\" value=\"5.9.8\" \/>\n<input type=\"hidden\" name=\"_wpcf7_locale\" value=\"en_US\" \/>\n<input type=\"hidden\" name=\"_wpcf7_unit_tag\" value=\"wpcf7-f4589-o1\" \/>\n<input type=\"hidden\" name=\"_wpcf7_container_post\" value=\"0\" \/>\n<input type=\"hidden\" name=\"_wpcf7_posted_data_hash\" value=\"\" \/>\n<input type=\"hidden\" name=\"_wpcf7_recaptcha_response\" value=\"\" \/>\n<\/div>\n<div class=\"contact-form\">\n\t<p><span class=\"wpcf7-form-control-wrap\" data-name=\"name1\"><input size=\"40\" maxlength=\"400\" class=\"wpcf7-form-control wpcf7-text wpcf7-validates-as-required\" aria-required=\"true\" aria-invalid=\"false\" placeholder=\"\u0130sim\" value=\"\" type=\"text\" name=\"name1\" \/><\/span><span class=\"wpcf7-form-control-wrap\" data-name=\"surname\"><input size=\"40\" maxlength=\"400\" class=\"wpcf7-form-control wpcf7-text wpcf7-validates-as-required\" aria-required=\"true\" aria-invalid=\"false\" placeholder=\"Soyad\u0131\" value=\"\" type=\"text\" name=\"surname\" \/><\/span><span class=\"wpcf7-form-control-wrap\" data-name=\"email\"><input size=\"40\" maxlength=\"400\" class=\"wpcf7-form-control wpcf7-email wpcf7-validates-as-required wpcf7-text wpcf7-validates-as-email\" aria-required=\"true\" aria-invalid=\"false\" placeholder=\"Email\" value=\"\" type=\"email\" name=\"email\" \/><\/span><span class=\"wpcf7-form-control-wrap\" data-name=\"subject\"><input size=\"40\" maxlength=\"400\" class=\"wpcf7-form-control wpcf7-text wpcf7-validates-as-required\" aria-required=\"true\" aria-invalid=\"false\" placeholder=\"Ders\" value=\"\" type=\"text\" name=\"subject\" \/><\/span><span class=\"wpcf7-form-control-wrap\" data-name=\"message\"><textarea cols=\"40\" rows=\"4\" maxlength=\"2000\" class=\"wpcf7-form-control wpcf7-textarea wpcf7-validates-as-required\" aria-required=\"true\" aria-invalid=\"false\" placeholder=\"\u0130leti\" name=\"message\"><\/textarea><\/span><input class=\"wpcf7-form-control wpcf7-submit has-spinner\" type=\"submit\" value=\"G\u00f6ndermek\" \/>\n\t<\/p>\n<\/div><div class=\"wpcf7-response-output\" aria-hidden=\"true\"><\/div>\n<\/form>\n<\/div>\n[\/vc_column][\/vc_row]<\/p>\n","protected":false},"excerpt":{"rendered":"<p>[vc_row][vc_column][vc_column_text css_animation=&#8221;slideInUp&#8221; el_class=&#8221;custom-heading&#8221;] Anglia Vakf\u0131, \u00f6\u011frencileri a\u015fa\u011f\u0131daki kurslar\u0131 almalar\u0131 i\u00e7in \u0130ngiltere&#8217;ye g\u00f6nderdi: [\/vc_column_text][\/vc_column][\/vc_row][vc_row][vc_column][vc_row_inner equal_height=&#8221;yes&#8221; gap=&#8221;25&#8243;][vc_column_inner width=&#8221;1\/4&#8243;][vc_images_carousel images=&#8221;2532,2533,2534&#8243; img_size=&#8221;medium&#8221; onclick=&#8221;link_no&#8221; speed=&#8221;3000&#8243; autoplay=&#8221;yes&#8221; wrap=&#8221;yes&#8221; css_animation=&#8221;slideInLeft&#8221;][\/vc_column_inner][vc_column_inner width=&#8221;3\/4&#8243;][vc_empty_space height=&#8221;70&#8243;][vc_column_text css_animation=&#8221;fadeIn&#8221;] Ekonomi Departman\u0131, ekonomi ve ekonometri alan\u0131ndaki yay\u0131nlanm\u0131\u015f ara\u015ft\u0131rmalar\u0131 nedeniyle ABD d\u0131\u015f\u0131nda d\u00fczenli olarak bir numarad\u0131r ve 2008&#8217;de ulusal Ara\u015ft\u0131rma De\u011ferlendirme Al\u0131\u015ft\u0131rmas\u0131, LSE Ekonomisini herhangi bir ana disiplinde en iyi [&hellip;]<\/p>\n","protected":false},"author":1,"featured_media":0,"parent":0,"menu_order":0,"comment_status":"closed","ping_status":"closed","template":"","meta":{"rank_math_lock_modified_date":false,"footnotes":""},"_links":{"self":[{"href":"https:\/\/anglia.gr\/tr\/wp-json\/wp\/v2\/pages\/4837"}],"collection":[{"href":"https:\/\/anglia.gr\/tr\/wp-json\/wp\/v2\/pages"}],"about":[{"href":"https:\/\/anglia.gr\/tr\/wp-json\/wp\/v2\/types\/page"}],"author":[{"embeddable":true,"href":"https:\/\/anglia.gr\/tr\/wp-json\/wp\/v2\/users\/1"}],"replies":[{"embeddable":true,"href":"https:\/\/anglia.gr\/tr\/wp-json\/wp\/v2\/comments?post=4837"}],"version-history":[{"count":2,"href":"https:\/\/anglia.gr\/tr\/wp-json\/wp\/v2\/pages\/4837\/revisions"}],"predecessor-version":[{"id":4838,"href":"https:\/\/anglia.gr\/tr\/wp-json\/wp\/v2\/pages\/4837\/revisions\/4838"}],"wp:attachment":[{"href":"https:\/\/anglia.gr\/tr\/wp-json\/wp\/v2\/media?parent=4837"}],"curies":[{"name":"wp","href":"https:\/\/api.w.org\/{rel}","templated":true}]}}