{"id":4859,"date":"2022-06-08T16:09:40","date_gmt":"2022-06-08T13:09:40","guid":{"rendered":"https:\/\/anglia.gr\/study-medicine-or-pharmacy-in-romania\/"},"modified":"2023-06-15T13:29:15","modified_gmt":"2023-06-15T10:29:15","slug":"study-medicine-or-pharmacy-in-romania","status":"publish","type":"page","link":"https:\/\/anglia.gr\/tr\/study-medicine-or-pharmacy-in-romania\/","title":{"rendered":"Romanya&#8217;da T\u0131p veya Eczac\u0131l\u0131k E\u011fitimi Al\u0131n"},"content":{"rendered":"<p>[vc_row][vc_column][vc_column_text css=&#8221;.vc_custom_1574336413553{margin-top: 0px !important;margin-bottom: 0px !important;padding-top: 0px !important;padding-bottom: 0px !important;}&#8221;]<\/p>\n<h2 style=\"display: none;\"><a href=\"http:\/\/studiesinuk.net\/el\/\" target=\"_blank\" rel=\"noopener\">Study Veterinary Science in the UK<\/a><\/h2>\n<p style=\"display: none;\"><a href=\"https:\/\/anglia.gr\/studying-in-uk\/\">Study Veterinary Science in the UK<img loading=\"lazy\" decoding=\"async\" class=\"alignnone size-medium wp-image-3071\" src=\"https:\/\/anglia.gr\/wp-content\/uploads\/2019\/11\/two-attractive-casual-student-girls-studying-Y4V5CZ6-300x200.jpg\" alt=\"Study Veterinary Science in the UK\" width=\"300\" height=\"200\" srcset=\"https:\/\/anglia.gr\/wp-content\/uploads\/2019\/11\/two-attractive-casual-student-girls-studying-Y4V5CZ6-300x200.jpg 300w, https:\/\/anglia.gr\/wp-content\/uploads\/2019\/11\/two-attractive-casual-student-girls-studying-Y4V5CZ6-768x512.jpg 768w, https:\/\/anglia.gr\/wp-content\/uploads\/2019\/11\/two-attractive-casual-student-girls-studying-Y4V5CZ6-1024x683.jpg 1024w, https:\/\/anglia.gr\/wp-content\/uploads\/2019\/11\/two-attractive-casual-student-girls-studying-Y4V5CZ6-600x400.jpg 600w\" sizes=\"(max-width: 300px) 100vw, 300px\" \/><\/a><\/p>\n<p>[\/vc_column_text] <h2 style=\"color:;padding:px;text-align:;font-size:px;line-height:px;letter-spacing: px;font-weight:normal\" class=\"  custom-heading nd_options_first_font \">Giri\u015f testi olmayan Avrupa'daki en ekonomik T\u0131p.<\/h2> <div style=\"background-color:;height: 30px\" class=\"nicdark_section  \"><\/div>[\/vc_column][\/vc_row][vc_row][vc_column][vc_row_inner equal_height=&#8221;yes&#8221; gap=&#8221;25&#8243;][vc_column_inner width=&#8221;1\/4&#8243;] <h3 style=\"color:;padding:px;text-align:;font-size:px;line-height:px;letter-spacing: px;font-weight:bold\" class=\"  custom-subheading nd_options_first_font \">- Carol Davila T\u0131p ve Eczac\u0131l\u0131k \u00dcniversitesi'nde<\/h3> <div style=\"background-color:;height: 20px\" class=\"nicdark_section  \"><\/div>[vc_images_carousel images=&#8221;4482,4483,4484,4485,4486,4487&#8243; img_size=&#8221;medium&#8221; onclick=&#8221;link_no&#8221; speed=&#8221;3000&#8243; autoplay=&#8221;yes&#8221; wrap=&#8221;yes&#8221; css_animation=&#8221;slideInLeft&#8221;][\/vc_column_inner][vc_column_inner width=&#8221;3\/4&#8243;][vc_empty_space height=&#8221;30&#8243;][vc_column_text css_animation=&#8221;fadeIn&#8221;]Genel olarak UMFCD k\u0131saltmas\u0131 ile bilinen Carol Davila T\u0131p ve Eczac\u0131l\u0131k \u00dcniversitesi veya B\u00fckre\u015f T\u0131p ve Eczac\u0131l\u0131k \u00dcniversitesi, Romanya&#8217;n\u0131n B\u00fckre\u015f kentinde bulunan bir halk sa\u011fl\u0131\u011f\u0131 bilimleri \u00fcniversitesidir. Romanya&#8217;daki t\u00fcr\u00fcn\u00fcn en b\u00fcy\u00fck ve en eski kurumlar\u0131ndan biridir.[\/vc_column_text][\/vc_column_inner][\/vc_row_inner][\/vc_column][\/vc_row][vc_row full_width=&#8221;stretch_row&#8221; content_placement=&#8221;top&#8221; parallax=&#8221;content-moving&#8221; css_animation=&#8221;none&#8221; css=&#8221;.vc_custom_1572953296293{margin-top: 50px !important;margin-right: 0px !important;margin-bottom: 10px !important;margin-left: 0px !important;border-bottom-width: 0px !important;padding-right: 350px !important;padding-bottom: 60px !important;padding-left: 350px !important;background-color: #ffffff !important;}&#8221; el_class=&#8221;custom-form-row&#8221;][vc_column width=&#8221;1\/2&#8243; offset=&#8221;vc_col-xs-12&#8243;] <h2 style=\"color:#0a0a0a;padding:px;text-align:;font-size:50px;line-height:px;letter-spacing: px;font-weight:lighter\" class=\"  custom-heading nd_options_first_font \">\u00fccretsiz bilgi<\/h2> <div style=\"background-color:;height: 10px\" class=\"nicdark_section  \"><\/div> <h3 style=\"color:#0a0a0a;padding:px;text-align:;font-size:20px;line-height:px;letter-spacing: px;font-weight:normal\" class=\"  custom-subheading nd_options_first_font \">Yurt d\u0131\u015f\u0131 e\u011fitim ve di\u011fer hizmetler i\u00e7in<\/h3> [vc_row_inner content_placement=&#8221;middle&#8221; css=&#8221;.vc_custom_1572952345796{margin-top: 30px !important;margin-bottom: 0px !important;border-top-width: 1px !important;border-bottom-width: 0px !important;padding-bottom: 0px !important;background-color: #ffffff !important;border-top-color: #ffffff !important;border-bottom-color: #ffffff !important;}&#8221;][vc_column_inner css=&#8221;.vc_custom_1572863434289{padding-top: 0px !important;padding-bottom: 0px !important;}&#8221;]\n    <div style=\"text-align:center\" class=\"nd_options_section\">\n      <img decoding=\"async\" alt=\"\" style=\"width:100%\" class=\" nd_options_margin_0 nd_options_padding_0 \" src=\"https:\/\/anglia.gr\/wp-content\/uploads\/2019\/11\/contact_photo-1024x683.jpg\">\n    <\/div>\n   [\/vc_column_inner][\/vc_row_inner][\/vc_column][vc_column width=&#8221;1\/2&#8243; offset=&#8221;vc_col-xs-12&#8243;][vc_empty_space height=&#8221;80&#8243; el_class=&#8221;dis-mob-none&#8221;] <h3 style=\"color:;padding:px;text-align:;font-size:15px;line-height:px;letter-spacing: px;font-weight:bold\" class=\"   nd_options_first_font \">Daha fazla bilgi i\u00e7in l\u00fctfen a\u015fa\u011f\u0131daki formu doldurunuz.<\/h3> \n<div class=\"wpcf7 no-js\" id=\"wpcf7-f4589-o1\" lang=\"en-US\" dir=\"ltr\">\n<div class=\"screen-reader-response\"><p role=\"status\" aria-live=\"polite\" aria-atomic=\"true\"><\/p> <ul><\/ul><\/div>\n<form action=\"\/tr\/wp-json\/wp\/v2\/pages\/4859#wpcf7-f4589-o1\" method=\"post\" class=\"wpcf7-form init\" aria-label=\"Contact form\" novalidate=\"novalidate\" data-status=\"init\">\n<div style=\"display: none;\">\n<input type=\"hidden\" name=\"_wpcf7\" value=\"4589\" \/>\n<input type=\"hidden\" name=\"_wpcf7_version\" value=\"5.9.8\" \/>\n<input type=\"hidden\" name=\"_wpcf7_locale\" value=\"en_US\" \/>\n<input type=\"hidden\" name=\"_wpcf7_unit_tag\" value=\"wpcf7-f4589-o1\" \/>\n<input type=\"hidden\" name=\"_wpcf7_container_post\" value=\"0\" \/>\n<input type=\"hidden\" name=\"_wpcf7_posted_data_hash\" value=\"\" \/>\n<input type=\"hidden\" name=\"_wpcf7_recaptcha_response\" value=\"\" \/>\n<\/div>\n<div class=\"contact-form\">\n\t<p><span class=\"wpcf7-form-control-wrap\" data-name=\"name1\"><input size=\"40\" maxlength=\"400\" class=\"wpcf7-form-control wpcf7-text wpcf7-validates-as-required\" aria-required=\"true\" aria-invalid=\"false\" placeholder=\"\u0130sim\" value=\"\" type=\"text\" name=\"name1\" \/><\/span><span class=\"wpcf7-form-control-wrap\" data-name=\"surname\"><input size=\"40\" maxlength=\"400\" class=\"wpcf7-form-control wpcf7-text wpcf7-validates-as-required\" aria-required=\"true\" aria-invalid=\"false\" placeholder=\"Soyad\u0131\" value=\"\" type=\"text\" name=\"surname\" \/><\/span><span class=\"wpcf7-form-control-wrap\" data-name=\"email\"><input size=\"40\" maxlength=\"400\" class=\"wpcf7-form-control wpcf7-email wpcf7-validates-as-required wpcf7-text wpcf7-validates-as-email\" aria-required=\"true\" aria-invalid=\"false\" placeholder=\"Email\" value=\"\" type=\"email\" name=\"email\" \/><\/span><span class=\"wpcf7-form-control-wrap\" data-name=\"subject\"><input size=\"40\" maxlength=\"400\" class=\"wpcf7-form-control wpcf7-text wpcf7-validates-as-required\" aria-required=\"true\" aria-invalid=\"false\" placeholder=\"Ders\" value=\"\" type=\"text\" name=\"subject\" \/><\/span><span class=\"wpcf7-form-control-wrap\" data-name=\"message\"><textarea cols=\"40\" rows=\"4\" maxlength=\"2000\" class=\"wpcf7-form-control wpcf7-textarea wpcf7-validates-as-required\" aria-required=\"true\" aria-invalid=\"false\" placeholder=\"\u0130leti\" name=\"message\"><\/textarea><\/span><input class=\"wpcf7-form-control wpcf7-submit has-spinner\" type=\"submit\" value=\"G\u00f6ndermek\" \/>\n\t<\/p>\n<\/div><div class=\"wpcf7-response-output\" aria-hidden=\"true\"><\/div>\n<\/form>\n<\/div>\n[\/vc_column][\/vc_row]<\/p>\n","protected":false},"excerpt":{"rendered":"<p>[vc_row][vc_column][vc_column_text css=&#8221;.vc_custom_1574336413553{margin-top: 0px !important;margin-bottom: 0px !important;padding-top: 0px !important;padding-bottom: 0px !important;}&#8221;] Study Veterinary Science in the UK Study Veterinary Science in the UK [\/vc_column_text][\/vc_column][\/vc_row][vc_row][vc_column][vc_row_inner equal_height=&#8221;yes&#8221; gap=&#8221;25&#8243;][vc_column_inner width=&#8221;1\/4&#8243;][vc_images_carousel images=&#8221;4482,4483,4484,4485,4486,4487&#8243; img_size=&#8221;medium&#8221; onclick=&#8221;link_no&#8221; speed=&#8221;3000&#8243; autoplay=&#8221;yes&#8221; wrap=&#8221;yes&#8221; css_animation=&#8221;slideInLeft&#8221;][\/vc_column_inner][vc_column_inner width=&#8221;3\/4&#8243;][vc_empty_space height=&#8221;30&#8243;][vc_column_text css_animation=&#8221;fadeIn&#8221;]Genel olarak UMFCD k\u0131saltmas\u0131 ile bilinen Carol Davila T\u0131p ve Eczac\u0131l\u0131k \u00dcniversitesi veya B\u00fckre\u015f T\u0131p ve Eczac\u0131l\u0131k \u00dcniversitesi, Romanya&#8217;n\u0131n B\u00fckre\u015f [&hellip;]<\/p>\n","protected":false},"author":1,"featured_media":0,"parent":0,"menu_order":0,"comment_status":"closed","ping_status":"closed","template":"","meta":{"rank_math_lock_modified_date":false,"footnotes":""},"_links":{"self":[{"href":"https:\/\/anglia.gr\/tr\/wp-json\/wp\/v2\/pages\/4859"}],"collection":[{"href":"https:\/\/anglia.gr\/tr\/wp-json\/wp\/v2\/pages"}],"about":[{"href":"https:\/\/anglia.gr\/tr\/wp-json\/wp\/v2\/types\/page"}],"author":[{"embeddable":true,"href":"https:\/\/anglia.gr\/tr\/wp-json\/wp\/v2\/users\/1"}],"replies":[{"embeddable":true,"href":"https:\/\/anglia.gr\/tr\/wp-json\/wp\/v2\/comments?post=4859"}],"version-history":[{"count":3,"href":"https:\/\/anglia.gr\/tr\/wp-json\/wp\/v2\/pages\/4859\/revisions"}],"predecessor-version":[{"id":4861,"href":"https:\/\/anglia.gr\/tr\/wp-json\/wp\/v2\/pages\/4859\/revisions\/4861"}],"wp:attachment":[{"href":"https:\/\/anglia.gr\/tr\/wp-json\/wp\/v2\/media?parent=4859"}],"curies":[{"name":"wp","href":"https:\/\/api.w.org\/{rel}","templated":true}]}}